{"id":4447,"date":"2024-11-22T12:39:13","date_gmt":"2024-11-22T12:39:13","guid":{"rendered":"https:\/\/www.orege.com\/?page_id=4447"},"modified":"2024-11-22T14:21:25","modified_gmt":"2024-11-22T14:21:25","slug":"digitalisation-des-process","status":"publish","type":"page","link":"https:\/\/legacy.orege.com\/fr\/digitalisation-des-process\/","title":{"rendered":"Digitalisation des process"},"content":{"rendered":"<h2>La num\u00e9risation : Am\u00e9liorer l&rsquo;efficacit\u00e9 des services et des op\u00e9rations<\/h2>\n<p>Chez Orege, nous nous engageons \u00e0 exploiter la puissance de la technologie num\u00e9rique pour am\u00e9liorer la fa\u00e7on dont nous servons nos clients. Qu&rsquo;il s&rsquo;agisse du traitement des boues industrielles ou de la production de gaz renouvelable, nous construisons une plateforme num\u00e9rique qui nous permettra de fournir des solutions et des connaissances plus intelligentes, bas\u00e9es sur les donn\u00e9es, qui optimisent les op\u00e9rations et am\u00e9liorent la prestation de services.<\/p>\n<h2>Exploiter la puissance des donn\u00e9es<\/h2>\n<p>Notre plateforme num\u00e9rique est actuellement en cours de d\u00e9veloppement et une version interne devrait \u00eatre lanc\u00e9e en 2025. Cette premi\u00e8re version sera utilis\u00e9e par notre \u00e9quipe pour obtenir des informations en temps r\u00e9el sur les performances du syst\u00e8me, r\u00e9pondre de mani\u00e8re proactive aux besoins des clients et garantir les meilleurs niveaux de service.<\/p>\n<p>En exploitant ces donn\u00e9es en interne, nous serons en mesure d&rsquo;offrir des temps de r\u00e9ponse plus rapides, une maintenance pr\u00e9dictive am\u00e9lior\u00e9e et une gestion plus efficace de nos \u00e9quipements &#8211; tout cela dans le but de maximiser la valeur que nous apportons \u00e0 nos clients.<\/p>\n<p>Les versions ult\u00e9rieures de la plateforme seront mises \u00e0 la disposition des clients, ce qui leur permettra d&rsquo;acc\u00e9der directement aux donn\u00e9es op\u00e9rationnelles en temps r\u00e9el, de surveiller les performances et d&rsquo;obtenir des informations exploitables. Cette approche progressive permettra \u00e0 nos \u00e9quipes internes et \u00e0 nos clients de b\u00e9n\u00e9ficier d&rsquo;une exp\u00e9rience optimis\u00e9e et ax\u00e9e sur les donn\u00e9es.<\/p>\n<h2>Principaux avantages pour nos clients<\/h2>\n<ul>\n<li><strong>Am\u00e9lioration du service \u00e0 la client\u00e8le<\/strong><br \/>\n\u00c0 court terme, notre plateforme num\u00e9rique permettra \u00e0 notre \u00e9quipe de mieux vous aider. Gr\u00e2ce \u00e0 des informations en temps r\u00e9el sur les performances du syst\u00e8me et \u00e0 la d\u00e9tection pr\u00e9coce des probl\u00e8mes potentiels, nous serons en mesure d&rsquo;optimiser votre \u00e9quipement de mani\u00e8re proactive et de fournir un service plus rapide et plus pr\u00e9cis.<\/li>\n<li><strong>Optimisation des performances du syst\u00e8me<\/strong><br \/>\nLes donn\u00e9es que nous recueillons sur notre plateforme interne nous permettent d&rsquo;optimiser les performances de vos syst\u00e8mes d&rsquo;\u00e9paississement et de d\u00e9shydratation. Notre \u00e9quipe sera en mesure de vous fournir une maintenance plus efficace, en veillant \u00e0 ce que vos syst\u00e8mes fonctionnent avec une efficacit\u00e9 maximale.<\/li>\n<li><strong>Maintenance proactive \u2028<\/strong><br \/>\nNotre utilisation interne de l&rsquo;analyse pr\u00e9dictive permet d&rsquo;identifier et de r\u00e9soudre les probl\u00e8mes avant qu&rsquo;ils n&rsquo;affectent vos op\u00e9rations. Cette approche proactive r\u00e9duira les temps d&rsquo;arr\u00eat et prolongera la dur\u00e9e de vie de votre \u00e9quipement, avant m\u00eame que les outils destin\u00e9s aux clients ne soient disponibles.<\/li>\n<li><strong>Am\u00e9lioration de l&rsquo;efficacit\u00e9 op\u00e9rationnelle \u2028<\/strong><br \/>\nEn analysant les donn\u00e9es du syst\u00e8me en interne, nous am\u00e9liorerons les processus op\u00e9rationnels dont vous b\u00e9n\u00e9ficierez en fin de compte. Cela se traduira par des op\u00e9rations plus fluides, une allocation optimis\u00e9e des ressources et une maintenance rentable, m\u00eame avant le lancement de la plateforme du client.<\/li>\n<li><strong>Une base pour l&rsquo;innovation future \u2028<\/strong><br \/>\nNos outils num\u00e9riques internes jettent les bases de la future plateforme orient\u00e9e vers le client. \u00c0 l&rsquo;avenir, vous serez en mesure d&rsquo;acc\u00e9der directement aux donn\u00e9es de performance et aux informations qui vous aideront \u00e0 rationaliser vos op\u00e9rations et \u00e0 r\u00e9aliser des \u00e9conomies.<\/li>\n<\/ul>\n<h2>Notre vision de l&rsquo;avenir<\/h2>\n<p>La premi\u00e8re phase de notre transformation num\u00e9rique se concentre sur l&rsquo;optimisation de la fa\u00e7on dont notre \u00e9quipe interne vous soutient. D&rsquo;ici 2025, notre plateforme num\u00e9rique nous donnera une vision beaucoup plus claire de la performance de votre syst\u00e8me, ce qui nous permettra de mieux vous servir, de mani\u00e8re plus efficace et plus pr\u00e9cise. Dans les ann\u00e9es \u00e0 venir, nous d\u00e9ploierons des fonctionnalit\u00e9s suppl\u00e9mentaires qui vous donneront un acc\u00e8s direct \u00e0 ces informations, vous permettant de prendre des d\u00e9cisions fond\u00e9es sur des donn\u00e9es, d&rsquo;optimiser les op\u00e9rations et d&rsquo;am\u00e9liorer la durabilit\u00e9.<\/p>\n<p>Chez Orege, nous nous engageons \u00e0 am\u00e9liorer continuellement nos produits, mais aussi la fa\u00e7on dont nous interagissons avec nos clients et dont nous les soutenons. Notre objectif est de fournir en temps r\u00e9el des donn\u00e9es exploitables qui vous aident \u00e0 obtenir de meilleurs r\u00e9sultats<\/p>\n","protected":false},"excerpt":{"rendered":"<p>La num\u00e9risation : Am\u00e9liorer l&rsquo;efficacit\u00e9 des services et des op\u00e9rations Chez Orege, nous nous engageons \u00e0 exploiter la puissance de la technologie num\u00e9rique pour am\u00e9liorer la fa\u00e7on dont nous servons nos clients. Qu&rsquo;il s&rsquo;agisse du traitement des boues industrielles ou de la production de gaz renouvelable, nous construisons une plateforme num\u00e9rique qui nous permettra de [&hellip;]<\/p>\n","protected":false},"author":1,"featured_media":0,"parent":0,"menu_order":0,"comment_status":"closed","ping_status":"closed","template":"","meta":{"_acf_changed":false,"footnotes":""},"class_list":["post-4447","page","type-page","status-publish","hentry"],"acf":[],"yoast_head":"<!-- This site is optimized with the Yoast SEO plugin v26.8 - https:\/\/yoast.com\/product\/yoast-seo-wordpress\/ -->\n<title>Digitalisation des process - Or\u00e8ge<\/title>\n<meta name=\"robots\" content=\"index, follow, max-snippet:-1, max-image-preview:large, max-video-preview:-1\" \/>\n<link rel=\"canonical\" href=\"https:\/\/legacy.orege.com\/fr\/digitalisation-des-process\/\" \/>\n<meta property=\"og:locale\" content=\"fr_FR\" \/>\n<meta property=\"og:type\" content=\"article\" \/>\n<meta property=\"og:title\" content=\"Digitalisation des process - Or\u00e8ge\" \/>\n<meta property=\"og:description\" content=\"La num\u00e9risation : Am\u00e9liorer l&rsquo;efficacit\u00e9 des services et des op\u00e9rations Chez Orege, nous nous engageons \u00e0 exploiter la puissance de la technologie num\u00e9rique pour am\u00e9liorer la fa\u00e7on dont nous servons nos clients. Qu&rsquo;il s&rsquo;agisse du traitement des boues industrielles ou de la production de gaz renouvelable, nous construisons une plateforme num\u00e9rique qui nous permettra de [&hellip;]\" \/>\n<meta property=\"og:url\" content=\"https:\/\/legacy.orege.com\/fr\/digitalisation-des-process\/\" \/>\n<meta property=\"og:site_name\" content=\"Or\u00e8ge\" \/>\n<meta property=\"article:modified_time\" content=\"2024-11-22T14:21:25+00:00\" \/>\n<meta name=\"twitter:card\" content=\"summary_large_image\" \/>\n<meta name=\"twitter:label1\" content=\"Dur\u00e9e de lecture estim\u00e9e\" \/>\n\t<meta name=\"twitter:data1\" content=\"3 minutes\" \/>\n<script type=\"application\/ld+json\" class=\"yoast-schema-graph\">{\"@context\":\"https:\/\/schema.org\",\"@graph\":[{\"@type\":\"WebPage\",\"@id\":\"https:\/\/legacy.orege.com\/fr\/digitalisation-des-process\/\",\"url\":\"https:\/\/legacy.orege.com\/fr\/digitalisation-des-process\/\",\"name\":\"Digitalisation des process - Or\u00e8ge\",\"isPartOf\":{\"@id\":\"https:\/\/legacy.orege.com\/fr\/#website\"},\"datePublished\":\"2024-11-22T12:39:13+00:00\",\"dateModified\":\"2024-11-22T14:21:25+00:00\",\"breadcrumb\":{\"@id\":\"https:\/\/legacy.orege.com\/fr\/digitalisation-des-process\/#breadcrumb\"},\"inLanguage\":\"fr-FR\",\"potentialAction\":[{\"@type\":\"ReadAction\",\"target\":[\"https:\/\/legacy.orege.com\/fr\/digitalisation-des-process\/\"]}]},{\"@type\":\"BreadcrumbList\",\"@id\":\"https:\/\/legacy.orege.com\/fr\/digitalisation-des-process\/#breadcrumb\",\"itemListElement\":[{\"@type\":\"ListItem\",\"position\":1,\"name\":\"Home\",\"item\":\"https:\/\/legacy.orege.com\/fr\/\"},{\"@type\":\"ListItem\",\"position\":2,\"name\":\"Digitalisation des process\"}]},{\"@type\":\"WebSite\",\"@id\":\"https:\/\/legacy.orege.com\/fr\/#website\",\"url\":\"https:\/\/legacy.orege.com\/fr\/\",\"name\":\"Or\u00e8ge\",\"description\":\"\",\"potentialAction\":[{\"@type\":\"SearchAction\",\"target\":{\"@type\":\"EntryPoint\",\"urlTemplate\":\"https:\/\/legacy.orege.com\/fr\/?s={search_term_string}\"},\"query-input\":{\"@type\":\"PropertyValueSpecification\",\"valueRequired\":true,\"valueName\":\"search_term_string\"}}],\"inLanguage\":\"fr-FR\"}]}<\/script>\n<!-- \/ Yoast SEO plugin. -->","yoast_head_json":{"title":"Digitalisation des process - Or\u00e8ge","robots":{"index":"index","follow":"follow","max-snippet":"max-snippet:-1","max-image-preview":"max-image-preview:large","max-video-preview":"max-video-preview:-1"},"canonical":"https:\/\/legacy.orege.com\/fr\/digitalisation-des-process\/","og_locale":"fr_FR","og_type":"article","og_title":"Digitalisation des process - Or\u00e8ge","og_description":"La num\u00e9risation : Am\u00e9liorer l&rsquo;efficacit\u00e9 des services et des op\u00e9rations Chez Orege, nous nous engageons \u00e0 exploiter la puissance de la technologie num\u00e9rique pour am\u00e9liorer la fa\u00e7on dont nous servons nos clients. Qu&rsquo;il s&rsquo;agisse du traitement des boues industrielles ou de la production de gaz renouvelable, nous construisons une plateforme num\u00e9rique qui nous permettra de [&hellip;]","og_url":"https:\/\/legacy.orege.com\/fr\/digitalisation-des-process\/","og_site_name":"Or\u00e8ge","article_modified_time":"2024-11-22T14:21:25+00:00","twitter_card":"summary_large_image","twitter_misc":{"Dur\u00e9e de lecture estim\u00e9e":"3 minutes"},"schema":{"@context":"https:\/\/schema.org","@graph":[{"@type":"WebPage","@id":"https:\/\/legacy.orege.com\/fr\/digitalisation-des-process\/","url":"https:\/\/legacy.orege.com\/fr\/digitalisation-des-process\/","name":"Digitalisation des process - Or\u00e8ge","isPartOf":{"@id":"https:\/\/legacy.orege.com\/fr\/#website"},"datePublished":"2024-11-22T12:39:13+00:00","dateModified":"2024-11-22T14:21:25+00:00","breadcrumb":{"@id":"https:\/\/legacy.orege.com\/fr\/digitalisation-des-process\/#breadcrumb"},"inLanguage":"fr-FR","potentialAction":[{"@type":"ReadAction","target":["https:\/\/legacy.orege.com\/fr\/digitalisation-des-process\/"]}]},{"@type":"BreadcrumbList","@id":"https:\/\/legacy.orege.com\/fr\/digitalisation-des-process\/#breadcrumb","itemListElement":[{"@type":"ListItem","position":1,"name":"Home","item":"https:\/\/legacy.orege.com\/fr\/"},{"@type":"ListItem","position":2,"name":"Digitalisation des process"}]},{"@type":"WebSite","@id":"https:\/\/legacy.orege.com\/fr\/#website","url":"https:\/\/legacy.orege.com\/fr\/","name":"Or\u00e8ge","description":"","potentialAction":[{"@type":"SearchAction","target":{"@type":"EntryPoint","urlTemplate":"https:\/\/legacy.orege.com\/fr\/?s={search_term_string}"},"query-input":{"@type":"PropertyValueSpecification","valueRequired":true,"valueName":"search_term_string"}}],"inLanguage":"fr-FR"}]}},"_links":{"self":[{"href":"https:\/\/legacy.orege.com\/fr\/wp-json\/wp\/v2\/pages\/4447","targetHints":{"allow":["GET"]}}],"collection":[{"href":"https:\/\/legacy.orege.com\/fr\/wp-json\/wp\/v2\/pages"}],"about":[{"href":"https:\/\/legacy.orege.com\/fr\/wp-json\/wp\/v2\/types\/page"}],"author":[{"embeddable":true,"href":"https:\/\/legacy.orege.com\/fr\/wp-json\/wp\/v2\/users\/1"}],"replies":[{"embeddable":true,"href":"https:\/\/legacy.orege.com\/fr\/wp-json\/wp\/v2\/comments?post=4447"}],"version-history":[{"count":3,"href":"https:\/\/legacy.orege.com\/fr\/wp-json\/wp\/v2\/pages\/4447\/revisions"}],"predecessor-version":[{"id":4491,"href":"https:\/\/legacy.orege.com\/fr\/wp-json\/wp\/v2\/pages\/4447\/revisions\/4491"}],"wp:attachment":[{"href":"https:\/\/legacy.orege.com\/fr\/wp-json\/wp\/v2\/media?parent=4447"}],"curies":[{"name":"wp","href":"https:\/\/api.w.org\/{rel}","templated":true}]}}