{"id":4262,"date":"2024-06-18T16:31:27","date_gmt":"2024-06-18T16:31:27","guid":{"rendered":"https:\/\/www.orege.com\/?page_id=4262"},"modified":"2025-07-04T06:18:02","modified_gmt":"2025-07-04T06:18:02","slug":"biogaz","status":"publish","type":"page","link":"https:\/\/legacy.orege.com\/fr\/biogaz\/","title":{"rendered":"Or\u00e8ge Green Gas"},"content":{"rendered":"<h2>Or\u00e8ge Green Gas est un service de pr\u00e9paration des boues avant digestion ana\u00e9robie.\u2028Notre objectif : maximiser le potentiel \u00e9nerg\u00e9tique de chaque m\u00e8tre cube.<br \/>\nLa sous-performance des digesteurs est fr\u00e9quemment li\u00e9e \u00e0 une mauvaise qualit\u00e9 d\u2019alimentation : trop d\u2019eau, pas assez de mati\u00e8re, et des instabilit\u00e9s \u00e0 la cl\u00e9.<br \/>\nAvec notre solution brevet\u00e9e, nous changeons la donne.<\/h2>\n<p><img fetchpriority=\"high\" decoding=\"async\" class=\"wp-image-5596 size-large aligncenter\" src=\"http:\/\/www.orege.com\/content\/uploads\/2025\/06\/methaniseurs-v2-1024x335.jpg\" alt=\"\" width=\"1024\" height=\"335\" \/><\/p>\n<h3>\ud83d\udd2c Une solution mobile, adaptable et sans CAPEX<\/h3>\n<p>Une unit\u00e9 compacte qui conditionne et \u00e9paissit les boues en un seul passage (2\u20133\u202f% \u279c 6\u20138\u202f% MS), sans produit chimique pour conditionner, sans chaleur, sans investissement.<\/p>\n<p>D\u00e9ploy\u00e9e rapidement, nous intervenons en version mobile ou fixe, pour des besoins ponctuels ou de longue dur\u00e9e.<\/p>\n<p>Aucun investissement pour le client : nous op\u00e9rons en mode service complet, de l\u2019installation \u00e0 l\u2019exploitation.<\/p>\n<p>Une performance unique, fruit de notre technologie brevet\u00e9e et de l\u2019expertise de nos \u00e9quipes.<\/p>\n<p style=\"text-align: center;\"><a class=\"button\" href=\"https:\/\/www.orege.com\/content\/uploads\/2025\/07\/Flyer-OGG-FR.pdf\" target=\"_blank\" rel=\"noopener\">T\u00e9l\u00e9charger le Flyer<\/a><\/p>\n<p>Pour plus d&rsquo;informations, contactez <a class=\"button\" href=\"mailto:mobilesservice@orege.com\">mobileservice@orege.com<\/a><\/p>\n<h3>\u2705 Les b\u00e9n\u00e9fices cl\u00e9s<\/h3>\n<p>\u2714 40\u202f% de production de biogaz constat\u00e9<br \/>\n\u2714 Moins d\u2019eau \u279c plus de mati\u00e8re utile dans le digesteur<br \/>\n\u2714 Plus de stabilit\u00e9 \u279c meilleure conversion \u00e9nerg\u00e9tique<br \/>\n\u2714 D\u00e9ploiement rapide \u279c mobile ou fixe, selon vos besoins<\/p>\n<h3>\u2028\u2028\ud83e\udd1d Essayez. Mesurez.<\/h3>\n<p>D\u00e9cidez.\u2028Nous installons une unit\u00e9 mobile sur votre site pour d\u00e9montrer les gains.<br \/>\n\ud83d\udc49 <strong>Contactez-nous pour tester Or\u00e8ge Green Gas<\/strong> et booster la performance de votre digestion\u2026 sans investir.<\/p>\n","protected":false},"excerpt":{"rendered":"<p>Or\u00e8ge Green Gas est un service de pr\u00e9paration des boues avant digestion ana\u00e9robie.\u2028Notre objectif : maximiser le potentiel \u00e9nerg\u00e9tique de chaque m\u00e8tre cube. La sous-performance des digesteurs est fr\u00e9quemment li\u00e9e \u00e0 une mauvaise qualit\u00e9 d\u2019alimentation : trop d\u2019eau, pas assez de mati\u00e8re, et des instabilit\u00e9s \u00e0 la cl\u00e9. Avec notre solution brevet\u00e9e, nous changeons la [&hellip;]<\/p>\n","protected":false},"author":1,"featured_media":0,"parent":0,"menu_order":0,"comment_status":"closed","ping_status":"closed","template":"","meta":{"_acf_changed":false,"footnotes":""},"class_list":["post-4262","page","type-page","status-publish","hentry"],"acf":[],"yoast_head":"<!-- This site is optimized with the Yoast SEO plugin v26.8 - https:\/\/yoast.com\/product\/yoast-seo-wordpress\/ -->\n<title>Or\u00e8ge Green Gas - Or\u00e8ge<\/title>\n<meta name=\"robots\" content=\"index, follow, max-snippet:-1, max-image-preview:large, max-video-preview:-1\" \/>\n<link rel=\"canonical\" href=\"https:\/\/legacy.orege.com\/fr\/biogaz\/\" \/>\n<meta property=\"og:locale\" content=\"fr_FR\" \/>\n<meta property=\"og:type\" content=\"article\" \/>\n<meta property=\"og:title\" content=\"Or\u00e8ge Green Gas - Or\u00e8ge\" \/>\n<meta property=\"og:description\" content=\"Or\u00e8ge Green Gas est un service de pr\u00e9paration des boues avant digestion ana\u00e9robie.\u2028Notre objectif : maximiser le potentiel \u00e9nerg\u00e9tique de chaque m\u00e8tre cube. La sous-performance des digesteurs est fr\u00e9quemment li\u00e9e \u00e0 une mauvaise qualit\u00e9 d\u2019alimentation : trop d\u2019eau, pas assez de mati\u00e8re, et des instabilit\u00e9s \u00e0 la cl\u00e9. Avec notre solution brevet\u00e9e, nous changeons la [&hellip;]\" \/>\n<meta property=\"og:url\" content=\"https:\/\/legacy.orege.com\/fr\/biogaz\/\" \/>\n<meta property=\"og:site_name\" content=\"Or\u00e8ge\" \/>\n<meta property=\"article:modified_time\" content=\"2025-07-04T06:18:02+00:00\" \/>\n<meta property=\"og:image\" content=\"http:\/\/www.orege.com\/content\/uploads\/2025\/06\/methaniseurs-v2-1024x335.jpg\" \/>\n<meta name=\"twitter:card\" content=\"summary_large_image\" \/>\n<meta name=\"twitter:label1\" content=\"Dur\u00e9e de lecture estim\u00e9e\" \/>\n\t<meta name=\"twitter:data1\" content=\"2 minutes\" \/>\n<script type=\"application\/ld+json\" class=\"yoast-schema-graph\">{\"@context\":\"https:\/\/schema.org\",\"@graph\":[{\"@type\":\"WebPage\",\"@id\":\"https:\/\/legacy.orege.com\/fr\/biogaz\/\",\"url\":\"https:\/\/legacy.orege.com\/fr\/biogaz\/\",\"name\":\"Or\u00e8ge Green Gas - Or\u00e8ge\",\"isPartOf\":{\"@id\":\"https:\/\/legacy.orege.com\/fr\/#website\"},\"primaryImageOfPage\":{\"@id\":\"https:\/\/legacy.orege.com\/fr\/biogaz\/#primaryimage\"},\"image\":{\"@id\":\"https:\/\/legacy.orege.com\/fr\/biogaz\/#primaryimage\"},\"thumbnailUrl\":\"http:\/\/www.orege.com\/content\/uploads\/2025\/06\/methaniseurs-v2-1024x335.jpg\",\"datePublished\":\"2024-06-18T16:31:27+00:00\",\"dateModified\":\"2025-07-04T06:18:02+00:00\",\"breadcrumb\":{\"@id\":\"https:\/\/legacy.orege.com\/fr\/biogaz\/#breadcrumb\"},\"inLanguage\":\"fr-FR\",\"potentialAction\":[{\"@type\":\"ReadAction\",\"target\":[\"https:\/\/legacy.orege.com\/fr\/biogaz\/\"]}]},{\"@type\":\"ImageObject\",\"inLanguage\":\"fr-FR\",\"@id\":\"https:\/\/legacy.orege.com\/fr\/biogaz\/#primaryimage\",\"url\":\"http:\/\/www.orege.com\/content\/uploads\/2025\/06\/methaniseurs-v2-1024x335.jpg\",\"contentUrl\":\"http:\/\/www.orege.com\/content\/uploads\/2025\/06\/methaniseurs-v2-1024x335.jpg\"},{\"@type\":\"BreadcrumbList\",\"@id\":\"https:\/\/legacy.orege.com\/fr\/biogaz\/#breadcrumb\",\"itemListElement\":[{\"@type\":\"ListItem\",\"position\":1,\"name\":\"Home\",\"item\":\"https:\/\/legacy.orege.com\/fr\/\"},{\"@type\":\"ListItem\",\"position\":2,\"name\":\"Or\u00e8ge Green Gas\"}]},{\"@type\":\"WebSite\",\"@id\":\"https:\/\/legacy.orege.com\/fr\/#website\",\"url\":\"https:\/\/legacy.orege.com\/fr\/\",\"name\":\"Or\u00e8ge\",\"description\":\"\",\"potentialAction\":[{\"@type\":\"SearchAction\",\"target\":{\"@type\":\"EntryPoint\",\"urlTemplate\":\"https:\/\/legacy.orege.com\/fr\/?s={search_term_string}\"},\"query-input\":{\"@type\":\"PropertyValueSpecification\",\"valueRequired\":true,\"valueName\":\"search_term_string\"}}],\"inLanguage\":\"fr-FR\"}]}<\/script>\n<!-- \/ Yoast SEO plugin. -->","yoast_head_json":{"title":"Or\u00e8ge Green Gas - Or\u00e8ge","robots":{"index":"index","follow":"follow","max-snippet":"max-snippet:-1","max-image-preview":"max-image-preview:large","max-video-preview":"max-video-preview:-1"},"canonical":"https:\/\/legacy.orege.com\/fr\/biogaz\/","og_locale":"fr_FR","og_type":"article","og_title":"Or\u00e8ge Green Gas - Or\u00e8ge","og_description":"Or\u00e8ge Green Gas est un service de pr\u00e9paration des boues avant digestion ana\u00e9robie.\u2028Notre objectif : maximiser le potentiel \u00e9nerg\u00e9tique de chaque m\u00e8tre cube. La sous-performance des digesteurs est fr\u00e9quemment li\u00e9e \u00e0 une mauvaise qualit\u00e9 d\u2019alimentation : trop d\u2019eau, pas assez de mati\u00e8re, et des instabilit\u00e9s \u00e0 la cl\u00e9. Avec notre solution brevet\u00e9e, nous changeons la [&hellip;]","og_url":"https:\/\/legacy.orege.com\/fr\/biogaz\/","og_site_name":"Or\u00e8ge","article_modified_time":"2025-07-04T06:18:02+00:00","og_image":[{"url":"http:\/\/www.orege.com\/content\/uploads\/2025\/06\/methaniseurs-v2-1024x335.jpg","type":"","width":"","height":""}],"twitter_card":"summary_large_image","twitter_misc":{"Dur\u00e9e de lecture estim\u00e9e":"2 minutes"},"schema":{"@context":"https:\/\/schema.org","@graph":[{"@type":"WebPage","@id":"https:\/\/legacy.orege.com\/fr\/biogaz\/","url":"https:\/\/legacy.orege.com\/fr\/biogaz\/","name":"Or\u00e8ge Green Gas - Or\u00e8ge","isPartOf":{"@id":"https:\/\/legacy.orege.com\/fr\/#website"},"primaryImageOfPage":{"@id":"https:\/\/legacy.orege.com\/fr\/biogaz\/#primaryimage"},"image":{"@id":"https:\/\/legacy.orege.com\/fr\/biogaz\/#primaryimage"},"thumbnailUrl":"http:\/\/www.orege.com\/content\/uploads\/2025\/06\/methaniseurs-v2-1024x335.jpg","datePublished":"2024-06-18T16:31:27+00:00","dateModified":"2025-07-04T06:18:02+00:00","breadcrumb":{"@id":"https:\/\/legacy.orege.com\/fr\/biogaz\/#breadcrumb"},"inLanguage":"fr-FR","potentialAction":[{"@type":"ReadAction","target":["https:\/\/legacy.orege.com\/fr\/biogaz\/"]}]},{"@type":"ImageObject","inLanguage":"fr-FR","@id":"https:\/\/legacy.orege.com\/fr\/biogaz\/#primaryimage","url":"http:\/\/www.orege.com\/content\/uploads\/2025\/06\/methaniseurs-v2-1024x335.jpg","contentUrl":"http:\/\/www.orege.com\/content\/uploads\/2025\/06\/methaniseurs-v2-1024x335.jpg"},{"@type":"BreadcrumbList","@id":"https:\/\/legacy.orege.com\/fr\/biogaz\/#breadcrumb","itemListElement":[{"@type":"ListItem","position":1,"name":"Home","item":"https:\/\/legacy.orege.com\/fr\/"},{"@type":"ListItem","position":2,"name":"Or\u00e8ge Green Gas"}]},{"@type":"WebSite","@id":"https:\/\/legacy.orege.com\/fr\/#website","url":"https:\/\/legacy.orege.com\/fr\/","name":"Or\u00e8ge","description":"","potentialAction":[{"@type":"SearchAction","target":{"@type":"EntryPoint","urlTemplate":"https:\/\/legacy.orege.com\/fr\/?s={search_term_string}"},"query-input":{"@type":"PropertyValueSpecification","valueRequired":true,"valueName":"search_term_string"}}],"inLanguage":"fr-FR"}]}},"_links":{"self":[{"href":"https:\/\/legacy.orege.com\/fr\/wp-json\/wp\/v2\/pages\/4262","targetHints":{"allow":["GET"]}}],"collection":[{"href":"https:\/\/legacy.orege.com\/fr\/wp-json\/wp\/v2\/pages"}],"about":[{"href":"https:\/\/legacy.orege.com\/fr\/wp-json\/wp\/v2\/types\/page"}],"author":[{"embeddable":true,"href":"https:\/\/legacy.orege.com\/fr\/wp-json\/wp\/v2\/users\/1"}],"replies":[{"embeddable":true,"href":"https:\/\/legacy.orege.com\/fr\/wp-json\/wp\/v2\/comments?post=4262"}],"version-history":[{"count":40,"href":"https:\/\/legacy.orege.com\/fr\/wp-json\/wp\/v2\/pages\/4262\/revisions"}],"predecessor-version":[{"id":5743,"href":"https:\/\/legacy.orege.com\/fr\/wp-json\/wp\/v2\/pages\/4262\/revisions\/5743"}],"wp:attachment":[{"href":"https:\/\/legacy.orege.com\/fr\/wp-json\/wp\/v2\/media?parent=4262"}],"curies":[{"name":"wp","href":"https:\/\/api.w.org\/{rel}","templated":true}]}}