{"id":4159,"date":"2024-04-23T09:24:47","date_gmt":"2024-04-23T09:24:47","guid":{"rendered":"https:\/\/www.orege.com\/?page_id=4159"},"modified":"2024-11-21T18:00:06","modified_gmt":"2024-11-21T18:00:06","slug":"services-mobiles-de-traitement-des-eaux-usees-et-matieres-organiques","status":"publish","type":"page","link":"https:\/\/legacy.orege.com\/fr\/services-mobiles-de-traitement-des-eaux-usees-et-matieres-organiques\/","title":{"rendered":"Services mobiles de traitement des eaux us\u00e9es et mati\u00e8res organiques."},"content":{"rendered":"<h2>Am\u00e9liorez vos performances en mati\u00e8re de d\u00e9shydratation et d\u2019\u00e9paississement gr\u00e2ce aux services mobiles d\u2019Or\u00e8ge.<\/h2>\n<p><em><strong>Industriels, acteurs du secteur agricole, municipalit\u00e9s, exploitants d\u2019installations d\u2019eau,<\/strong> nous proposons une combinaison unique de technologies brevet\u00e9es (SLG\u00a9) et de services personnalis\u00e9s. Une solution externalis\u00e9e pour r\u00e9duire vos co\u00fbts sans investir.<\/em><\/p>\n<h2>Quand solliciter Or\u00e8ge ?<\/h2>\n<ul>\n<li>Situations d\u2019urgence op\u00e9rationnelle dues \u00e0 une d\u00e9faillance sur la fili\u00e8re boues pouvant entrainer une non-conformit\u00e9 r\u00e9glementaire ou une pollution.<\/li>\n<li>Secours temporaire pendant les op\u00e9rations de maintenance programm\u00e9es ou de travaux sur les installations existantes.<\/li>\n<li>Gestion des variations saisonni\u00e8res des volumes de boues (pics de production).<\/li>\n<li>Vidange des r\u00e9servoirs de boues et des lagunes.<\/li>\n<li>Mise en place provisoire permettant d\u2019\u00e9valuer la rentabilit\u00e9 d\u2019un projet d\u2019investissement.<\/li>\n<li>\u00c9paississement \/ d\u00e9shydratation mobile des boues sur des sites \u00e9loign\u00e9s ne disposant pas d\u2019\u00e9quipement de traitement des boues. Utilisation partag\u00e9e sur plusieurs sites.<\/li>\n<\/ul>\n<p>&nbsp;<\/p>\n<ul>\n<li><strong>3 configurations de mat\u00e9riel<\/strong> :<br \/>\nunit\u00e9s skid, conteneurs, remorques.<\/li>\n<li>Location de mat\u00e9riel avec ou sans op\u00e9rateur.<\/li>\n<li>Assistance \u00e0 la d\u00e9finition de vos besoins : Visite technique pr\u00e9alable.<\/li>\n<li>Mise en service par un technicien sp\u00e9cialis\u00e9 sur le terrain.<\/li>\n<li>Service client 7j\/7.<\/li>\n<li>Ligne t\u00e9l\u00e9phonique d\u00e9di\u00e9e avec appel 24h\/24.<\/li>\n<\/ul>\n<div class=\"page\" title=\"Page 2\">\n<div class=\"section\">\n<div class=\"layoutArea\">\n<div class=\"column\">\n<h2>Ore\u0300ge a de\u0301veloppe\u0301 2 solutions pour 2 cas d\u2019usage diffe\u0301rents<\/h2>\n<\/div>\n<\/div>\n<\/div>\n<\/div>\n<p><img fetchpriority=\"high\" decoding=\"async\" class=\"size-large wp-image-4170 aligncenter\" src=\"http:\/\/www.orege.com\/content\/uploads\/2024\/04\/Orege-a-developpe-2-solutions-pour-2-cas-dusage-differents-1024x787.png\" alt=\"\" width=\"1024\" height=\"787\" \/><\/p>\n<h2>Pourquoi choisir Or\u00e8ge ?<\/h2>\n<ul>\n<li><strong>Performance<br \/>\n<\/strong><br \/>\nCombinaison unique de services personnalis\u00e9s d\u2019\u00e9paississement et de d\u00e9shydratation avec une performance in\u00e9gal\u00e9e gr\u00e2ce \u00e0 la technologie SLG vous permettant de r\u00e9duire les co\u00fbts de transports et d\u2019\u00e9limination de vos d\u00e9chets organiques<\/li>\n<li><strong>Flexibilit\u00e9<br \/>\n<\/strong><br \/>\nLocation d\u2019\u00e9quipements avec ou sans op\u00e9rateur.Des solutions \u00abcl\u00e9 en main\u00bb :<br \/>\nde la visite initiale pour vous aider \u00e0 configurer vos besoins, au service 7j\/7 et \u00e0 la hotline 24h\/24.<\/li>\n<li><strong>R\u00e9activit\u00e9<br \/>\n<\/strong><br \/>\n3 configurations :<br \/>\nskid, conteneurs, remorques, gr\u00e2ce \u00e0 leur faible encombrement et \u00e0 leur configuration \u00ab plug and play \u00bb, les \u00e9quipements peuvent \u00eatre ins\u00e9r\u00e9s rapidement sur une installation existante, sans travaux pr\u00e9paratoires.<\/li>\n<li><strong>Z\u00e9ro investissement<br \/>\n<\/strong>Un excellent rapport co\u00fbt\/ performance sans investissement. Externaliser pour r\u00e9duire les co\u00fbts d\u2019investissements et d\u2019exploitation.<\/li>\n<\/ul>\n<p>&nbsp;<\/p>\n<p style=\"text-align: center;\"><a class=\"button\" href=\"http:\/\/www.orege.com\/content\/uploads\/2024\/04\/flyer_Orege_VFVM_Web.pdf\" target=\"_blank\" rel=\"noopener\">T\u00e9l\u00e9charger le Flyer<\/a><\/p>\n","protected":false},"excerpt":{"rendered":"<p>Am\u00e9liorez vos performances en mati\u00e8re de d\u00e9shydratation et d\u2019\u00e9paississement gr\u00e2ce aux services mobiles d\u2019Or\u00e8ge. Industriels, acteurs du secteur agricole, municipalit\u00e9s, exploitants d\u2019installations d\u2019eau, nous proposons une combinaison unique de technologies brevet\u00e9es (SLG\u00a9) et de services personnalis\u00e9s. Une solution externalis\u00e9e pour r\u00e9duire vos co\u00fbts sans investir. Quand solliciter Or\u00e8ge ? Situations d\u2019urgence op\u00e9rationnelle dues \u00e0 une [&hellip;]<\/p>\n","protected":false},"author":1,"featured_media":0,"parent":0,"menu_order":0,"comment_status":"closed","ping_status":"closed","template":"","meta":{"_acf_changed":false,"footnotes":""},"class_list":["post-4159","page","type-page","status-publish","hentry"],"acf":[],"yoast_head":"<!-- This site is optimized with the Yoast SEO plugin v26.8 - https:\/\/yoast.com\/product\/yoast-seo-wordpress\/ -->\n<title>Services mobiles de traitement des eaux us\u00e9es et mati\u00e8res organiques. - Or\u00e8ge<\/title>\n<meta name=\"robots\" content=\"index, follow, max-snippet:-1, max-image-preview:large, max-video-preview:-1\" \/>\n<link rel=\"canonical\" href=\"https:\/\/legacy.orege.com\/fr\/services-mobiles-de-traitement-des-eaux-usees-et-matieres-organiques\/\" \/>\n<meta property=\"og:locale\" content=\"fr_FR\" \/>\n<meta property=\"og:type\" content=\"article\" \/>\n<meta property=\"og:title\" content=\"Services mobiles de traitement des eaux us\u00e9es et mati\u00e8res organiques. - Or\u00e8ge\" \/>\n<meta property=\"og:description\" content=\"Am\u00e9liorez vos performances en mati\u00e8re de d\u00e9shydratation et d\u2019\u00e9paississement gr\u00e2ce aux services mobiles d\u2019Or\u00e8ge. Industriels, acteurs du secteur agricole, municipalit\u00e9s, exploitants d\u2019installations d\u2019eau, nous proposons une combinaison unique de technologies brevet\u00e9es (SLG\u00a9) et de services personnalis\u00e9s. Une solution externalis\u00e9e pour r\u00e9duire vos co\u00fbts sans investir. Quand solliciter Or\u00e8ge ? Situations d\u2019urgence op\u00e9rationnelle dues \u00e0 une [&hellip;]\" \/>\n<meta property=\"og:url\" content=\"https:\/\/legacy.orege.com\/fr\/services-mobiles-de-traitement-des-eaux-usees-et-matieres-organiques\/\" \/>\n<meta property=\"og:site_name\" content=\"Or\u00e8ge\" \/>\n<meta property=\"article:modified_time\" content=\"2024-11-21T18:00:06+00:00\" \/>\n<meta property=\"og:image\" content=\"http:\/\/www.orege.com\/content\/uploads\/2024\/04\/Orege-a-developpe-2-solutions-pour-2-cas-dusage-differents-1024x787.png\" \/>\n<meta name=\"twitter:card\" content=\"summary_large_image\" \/>\n<meta name=\"twitter:label1\" content=\"Dur\u00e9e de lecture estim\u00e9e\" \/>\n\t<meta name=\"twitter:data1\" content=\"2 minutes\" \/>\n<script type=\"application\/ld+json\" class=\"yoast-schema-graph\">{\"@context\":\"https:\/\/schema.org\",\"@graph\":[{\"@type\":\"WebPage\",\"@id\":\"https:\/\/legacy.orege.com\/fr\/services-mobiles-de-traitement-des-eaux-usees-et-matieres-organiques\/\",\"url\":\"https:\/\/legacy.orege.com\/fr\/services-mobiles-de-traitement-des-eaux-usees-et-matieres-organiques\/\",\"name\":\"Services mobiles de traitement des eaux us\u00e9es et mati\u00e8res organiques. - Or\u00e8ge\",\"isPartOf\":{\"@id\":\"https:\/\/legacy.orege.com\/fr\/#website\"},\"primaryImageOfPage\":{\"@id\":\"https:\/\/legacy.orege.com\/fr\/services-mobiles-de-traitement-des-eaux-usees-et-matieres-organiques\/#primaryimage\"},\"image\":{\"@id\":\"https:\/\/legacy.orege.com\/fr\/services-mobiles-de-traitement-des-eaux-usees-et-matieres-organiques\/#primaryimage\"},\"thumbnailUrl\":\"http:\/\/www.orege.com\/content\/uploads\/2024\/04\/Orege-a-developpe-2-solutions-pour-2-cas-dusage-differents-1024x787.png\",\"datePublished\":\"2024-04-23T09:24:47+00:00\",\"dateModified\":\"2024-11-21T18:00:06+00:00\",\"breadcrumb\":{\"@id\":\"https:\/\/legacy.orege.com\/fr\/services-mobiles-de-traitement-des-eaux-usees-et-matieres-organiques\/#breadcrumb\"},\"inLanguage\":\"fr-FR\",\"potentialAction\":[{\"@type\":\"ReadAction\",\"target\":[\"https:\/\/legacy.orege.com\/fr\/services-mobiles-de-traitement-des-eaux-usees-et-matieres-organiques\/\"]}]},{\"@type\":\"ImageObject\",\"inLanguage\":\"fr-FR\",\"@id\":\"https:\/\/legacy.orege.com\/fr\/services-mobiles-de-traitement-des-eaux-usees-et-matieres-organiques\/#primaryimage\",\"url\":\"http:\/\/www.orege.com\/content\/uploads\/2024\/04\/Orege-a-developpe-2-solutions-pour-2-cas-dusage-differents-1024x787.png\",\"contentUrl\":\"http:\/\/www.orege.com\/content\/uploads\/2024\/04\/Orege-a-developpe-2-solutions-pour-2-cas-dusage-differents-1024x787.png\"},{\"@type\":\"BreadcrumbList\",\"@id\":\"https:\/\/legacy.orege.com\/fr\/services-mobiles-de-traitement-des-eaux-usees-et-matieres-organiques\/#breadcrumb\",\"itemListElement\":[{\"@type\":\"ListItem\",\"position\":1,\"name\":\"Home\",\"item\":\"https:\/\/legacy.orege.com\/fr\/\"},{\"@type\":\"ListItem\",\"position\":2,\"name\":\"Services mobiles de traitement des eaux us\u00e9es et mati\u00e8res organiques.\"}]},{\"@type\":\"WebSite\",\"@id\":\"https:\/\/legacy.orege.com\/fr\/#website\",\"url\":\"https:\/\/legacy.orege.com\/fr\/\",\"name\":\"Or\u00e8ge\",\"description\":\"\",\"potentialAction\":[{\"@type\":\"SearchAction\",\"target\":{\"@type\":\"EntryPoint\",\"urlTemplate\":\"https:\/\/legacy.orege.com\/fr\/?s={search_term_string}\"},\"query-input\":{\"@type\":\"PropertyValueSpecification\",\"valueRequired\":true,\"valueName\":\"search_term_string\"}}],\"inLanguage\":\"fr-FR\"}]}<\/script>\n<!-- \/ Yoast SEO plugin. -->","yoast_head_json":{"title":"Services mobiles de traitement des eaux us\u00e9es et mati\u00e8res organiques. - Or\u00e8ge","robots":{"index":"index","follow":"follow","max-snippet":"max-snippet:-1","max-image-preview":"max-image-preview:large","max-video-preview":"max-video-preview:-1"},"canonical":"https:\/\/legacy.orege.com\/fr\/services-mobiles-de-traitement-des-eaux-usees-et-matieres-organiques\/","og_locale":"fr_FR","og_type":"article","og_title":"Services mobiles de traitement des eaux us\u00e9es et mati\u00e8res organiques. - Or\u00e8ge","og_description":"Am\u00e9liorez vos performances en mati\u00e8re de d\u00e9shydratation et d\u2019\u00e9paississement gr\u00e2ce aux services mobiles d\u2019Or\u00e8ge. Industriels, acteurs du secteur agricole, municipalit\u00e9s, exploitants d\u2019installations d\u2019eau, nous proposons une combinaison unique de technologies brevet\u00e9es (SLG\u00a9) et de services personnalis\u00e9s. Une solution externalis\u00e9e pour r\u00e9duire vos co\u00fbts sans investir. Quand solliciter Or\u00e8ge ? Situations d\u2019urgence op\u00e9rationnelle dues \u00e0 une [&hellip;]","og_url":"https:\/\/legacy.orege.com\/fr\/services-mobiles-de-traitement-des-eaux-usees-et-matieres-organiques\/","og_site_name":"Or\u00e8ge","article_modified_time":"2024-11-21T18:00:06+00:00","og_image":[{"url":"http:\/\/www.orege.com\/content\/uploads\/2024\/04\/Orege-a-developpe-2-solutions-pour-2-cas-dusage-differents-1024x787.png","type":"","width":"","height":""}],"twitter_card":"summary_large_image","twitter_misc":{"Dur\u00e9e de lecture estim\u00e9e":"2 minutes"},"schema":{"@context":"https:\/\/schema.org","@graph":[{"@type":"WebPage","@id":"https:\/\/legacy.orege.com\/fr\/services-mobiles-de-traitement-des-eaux-usees-et-matieres-organiques\/","url":"https:\/\/legacy.orege.com\/fr\/services-mobiles-de-traitement-des-eaux-usees-et-matieres-organiques\/","name":"Services mobiles de traitement des eaux us\u00e9es et mati\u00e8res organiques. - Or\u00e8ge","isPartOf":{"@id":"https:\/\/legacy.orege.com\/fr\/#website"},"primaryImageOfPage":{"@id":"https:\/\/legacy.orege.com\/fr\/services-mobiles-de-traitement-des-eaux-usees-et-matieres-organiques\/#primaryimage"},"image":{"@id":"https:\/\/legacy.orege.com\/fr\/services-mobiles-de-traitement-des-eaux-usees-et-matieres-organiques\/#primaryimage"},"thumbnailUrl":"http:\/\/www.orege.com\/content\/uploads\/2024\/04\/Orege-a-developpe-2-solutions-pour-2-cas-dusage-differents-1024x787.png","datePublished":"2024-04-23T09:24:47+00:00","dateModified":"2024-11-21T18:00:06+00:00","breadcrumb":{"@id":"https:\/\/legacy.orege.com\/fr\/services-mobiles-de-traitement-des-eaux-usees-et-matieres-organiques\/#breadcrumb"},"inLanguage":"fr-FR","potentialAction":[{"@type":"ReadAction","target":["https:\/\/legacy.orege.com\/fr\/services-mobiles-de-traitement-des-eaux-usees-et-matieres-organiques\/"]}]},{"@type":"ImageObject","inLanguage":"fr-FR","@id":"https:\/\/legacy.orege.com\/fr\/services-mobiles-de-traitement-des-eaux-usees-et-matieres-organiques\/#primaryimage","url":"http:\/\/www.orege.com\/content\/uploads\/2024\/04\/Orege-a-developpe-2-solutions-pour-2-cas-dusage-differents-1024x787.png","contentUrl":"http:\/\/www.orege.com\/content\/uploads\/2024\/04\/Orege-a-developpe-2-solutions-pour-2-cas-dusage-differents-1024x787.png"},{"@type":"BreadcrumbList","@id":"https:\/\/legacy.orege.com\/fr\/services-mobiles-de-traitement-des-eaux-usees-et-matieres-organiques\/#breadcrumb","itemListElement":[{"@type":"ListItem","position":1,"name":"Home","item":"https:\/\/legacy.orege.com\/fr\/"},{"@type":"ListItem","position":2,"name":"Services mobiles de traitement des eaux us\u00e9es et mati\u00e8res organiques."}]},{"@type":"WebSite","@id":"https:\/\/legacy.orege.com\/fr\/#website","url":"https:\/\/legacy.orege.com\/fr\/","name":"Or\u00e8ge","description":"","potentialAction":[{"@type":"SearchAction","target":{"@type":"EntryPoint","urlTemplate":"https:\/\/legacy.orege.com\/fr\/?s={search_term_string}"},"query-input":{"@type":"PropertyValueSpecification","valueRequired":true,"valueName":"search_term_string"}}],"inLanguage":"fr-FR"}]}},"_links":{"self":[{"href":"https:\/\/legacy.orege.com\/fr\/wp-json\/wp\/v2\/pages\/4159","targetHints":{"allow":["GET"]}}],"collection":[{"href":"https:\/\/legacy.orege.com\/fr\/wp-json\/wp\/v2\/pages"}],"about":[{"href":"https:\/\/legacy.orege.com\/fr\/wp-json\/wp\/v2\/types\/page"}],"author":[{"embeddable":true,"href":"https:\/\/legacy.orege.com\/fr\/wp-json\/wp\/v2\/users\/1"}],"replies":[{"embeddable":true,"href":"https:\/\/legacy.orege.com\/fr\/wp-json\/wp\/v2\/comments?post=4159"}],"version-history":[{"count":25,"href":"https:\/\/legacy.orege.com\/fr\/wp-json\/wp\/v2\/pages\/4159\/revisions"}],"predecessor-version":[{"id":4370,"href":"https:\/\/legacy.orege.com\/fr\/wp-json\/wp\/v2\/pages\/4159\/revisions\/4370"}],"wp:attachment":[{"href":"https:\/\/legacy.orege.com\/fr\/wp-json\/wp\/v2\/media?parent=4159"}],"curies":[{"name":"wp","href":"https:\/\/api.w.org\/{rel}","templated":true}]}}