{"id":403,"date":"2016-07-21T09:26:22","date_gmt":"2016-07-21T09:26:22","guid":{"rendered":"https:\/\/www.orege.com\/fr\/?page_id=403"},"modified":"2024-11-22T10:46:46","modified_gmt":"2024-11-22T10:46:46","slug":"recrutement","status":"publish","type":"page","link":"https:\/\/legacy.orege.com\/fr\/recrutement\/","title":{"rendered":"Recrutement"},"content":{"rendered":"<p style=\"text-align: center;\"><img decoding=\"async\" class=\"alignnone size-full wp-image-3247\" src=\"https:\/\/www.orege.com\/content\/uploads\/2021\/02\/logo-one-team-to-be.png\" alt=\"\" width=\"257\" height=\"190\" \/><\/p>\n<p class=\"big blue\">Pourquoi rejoindre Or\u00e8ge<\/p>\n<p class=\"orange\">Un acteur cl\u00e9 de l\u2019\u00e9conomie circulaire et de la transition \u00e9nerg\u00e9tique<br \/>\ndepuis plus de 15 an<\/p>\n<p>Or\u00e8ge accompagne ses clients, industriels, acteurs du secteur agricole, municipalit\u00e9s, exploitants d\u2019installations d\u2019eaux ou m\u00e9thaniseurs, dans une d\u00e9marche globale de valorisation des d\u00e9chets visant en faire un produit \u00e0 forte valeur ajout\u00e9 .<\/p>\n<p>Les solutions Or\u00e8ge s\u2019inscrivent dans une d\u00e9marche de responsabilit\u00e9 soci\u00e9tale des entreprises et contribue aux objectifs de <a href=\"https:\/\/www.orege.com\/fr\/developpement-durable\/\">d\u00e9veloppement durable<\/a> \u00e9tablis par les \u00e9tats membres des nations unies.<\/p>\n<p class=\"orange\">L\u2019innovation est au c\u0153ur de l&rsquo;ADN de l\u2019entreprise.<\/p>\n<p>Orege est n\u00e9 il y a 15 ans avec une technologie de rupture, SLG, disposant aujourd\u2019hui de 9 brevets. Initialement d\u00e9di\u00e9 \u00e0 l\u2019augmentation des performances du traitement et conditionnement des boues, la technologie Or\u00e8ge se d\u00e9veloppe d\u00e9sormais sur de nouvelles applications toujours plus novatrices . En effet, depuis 2023, Or\u00e8ge d\u00e9ploie des projets d\u2019envergures pour mettre cette technologie propri\u00e9taire au service de <a href=\"https:\/\/www.orege.com\/fr\/biogaz\/\">l\u2019optimisation de la production de biogaz<\/a>.<\/p>\n<p class=\"orange\">Une entreprise fran\u00e7aise \u00e0 couverture internationale<\/p>\n<p>Pr\u00e9sente en Europe et aux Etats-Unis , Or\u00e8ge est une filiale du groupe Eren.<\/p>\n<p>Eren c\u2019est plus de 40 d\u2019engagement pour la transition \u00e9nerg\u00e9tique avec notamment 23 entreprises d\u00e9di\u00e9es \u00e0 la production d\u2019\u00e9nergie renouvelable, aux \u00e9conomies d\u2019\u00e9nergie et au stockage d\u2019\u00e9nergie.<\/p>\n<p class=\"big blue\">Une marque employeur qui propose<\/p>\n<ul>\n<li>Vie pro vie perso (RTT, T\u00e9l\u00e9travail, TR)<\/li>\n<li>Proximit\u00e9<\/li>\n<li>Innovation<\/li>\n<li>Interg\u00e9n\u00e9rationnel \u2013 valeurs de transmission et multiculturel<\/li>\n<li>Responsabilit\u00e9 environnementale et soci\u00e9tale<\/li>\n<li>Formation : plan de formation ambitieux et innovant<\/li>\n<\/ul>\n<p>Envoyez votre CV accompagn\u00e9 d&rsquo;une lettre de motivation \u00e0 <a href=\"mailto:recrutement@orege.com\">recrutement@orege.com<\/a><\/p>\n","protected":false},"excerpt":{"rendered":"<p>Pourquoi rejoindre Or\u00e8ge Un acteur cl\u00e9 de l\u2019\u00e9conomie circulaire et de la transition \u00e9nerg\u00e9tique depuis plus de 15 an Or\u00e8ge accompagne ses clients, industriels, acteurs du secteur agricole, municipalit\u00e9s, exploitants d\u2019installations d\u2019eaux ou m\u00e9thaniseurs, dans une d\u00e9marche globale de valorisation des d\u00e9chets visant en faire un produit \u00e0 forte valeur ajout\u00e9 . Les solutions Or\u00e8ge [&hellip;]<\/p>\n","protected":false},"author":1,"featured_media":0,"parent":0,"menu_order":0,"comment_status":"closed","ping_status":"closed","template":"","meta":{"_acf_changed":false,"footnotes":""},"class_list":["post-403","page","type-page","status-publish","hentry"],"acf":[],"yoast_head":"<!-- This site is optimized with the Yoast SEO plugin v26.8 - https:\/\/yoast.com\/product\/yoast-seo-wordpress\/ -->\n<title>Recrutement - Or\u00e8ge<\/title>\n<meta name=\"robots\" content=\"index, follow, max-snippet:-1, max-image-preview:large, max-video-preview:-1\" \/>\n<link rel=\"canonical\" href=\"https:\/\/legacy.orege.com\/fr\/recrutement\/\" \/>\n<meta property=\"og:locale\" content=\"fr_FR\" \/>\n<meta property=\"og:type\" content=\"article\" \/>\n<meta property=\"og:title\" content=\"Recrutement - Or\u00e8ge\" \/>\n<meta property=\"og:description\" content=\"Pourquoi rejoindre Or\u00e8ge Un acteur cl\u00e9 de l\u2019\u00e9conomie circulaire et de la transition \u00e9nerg\u00e9tique depuis plus de 15 an Or\u00e8ge accompagne ses clients, industriels, acteurs du secteur agricole, municipalit\u00e9s, exploitants d\u2019installations d\u2019eaux ou m\u00e9thaniseurs, dans une d\u00e9marche globale de valorisation des d\u00e9chets visant en faire un produit \u00e0 forte valeur ajout\u00e9 . Les solutions Or\u00e8ge [&hellip;]\" \/>\n<meta property=\"og:url\" content=\"https:\/\/legacy.orege.com\/fr\/recrutement\/\" \/>\n<meta property=\"og:site_name\" content=\"Or\u00e8ge\" \/>\n<meta property=\"article:modified_time\" content=\"2024-11-22T10:46:46+00:00\" \/>\n<meta property=\"og:image\" content=\"https:\/\/www.orege.com\/content\/uploads\/2021\/02\/logo-one-team-to-be.png\" \/>\n<meta name=\"twitter:card\" content=\"summary_large_image\" \/>\n<meta name=\"twitter:label1\" content=\"Dur\u00e9e de lecture estim\u00e9e\" \/>\n\t<meta name=\"twitter:data1\" content=\"2 minutes\" \/>\n<script type=\"application\/ld+json\" class=\"yoast-schema-graph\">{\"@context\":\"https:\/\/schema.org\",\"@graph\":[{\"@type\":\"WebPage\",\"@id\":\"https:\/\/legacy.orege.com\/fr\/recrutement\/\",\"url\":\"https:\/\/legacy.orege.com\/fr\/recrutement\/\",\"name\":\"Recrutement - Or\u00e8ge\",\"isPartOf\":{\"@id\":\"https:\/\/legacy.orege.com\/fr\/#website\"},\"primaryImageOfPage\":{\"@id\":\"https:\/\/legacy.orege.com\/fr\/recrutement\/#primaryimage\"},\"image\":{\"@id\":\"https:\/\/legacy.orege.com\/fr\/recrutement\/#primaryimage\"},\"thumbnailUrl\":\"https:\/\/www.orege.com\/content\/uploads\/2021\/02\/logo-one-team-to-be.png\",\"datePublished\":\"2016-07-21T09:26:22+00:00\",\"dateModified\":\"2024-11-22T10:46:46+00:00\",\"breadcrumb\":{\"@id\":\"https:\/\/legacy.orege.com\/fr\/recrutement\/#breadcrumb\"},\"inLanguage\":\"fr-FR\",\"potentialAction\":[{\"@type\":\"ReadAction\",\"target\":[\"https:\/\/legacy.orege.com\/fr\/recrutement\/\"]}]},{\"@type\":\"ImageObject\",\"inLanguage\":\"fr-FR\",\"@id\":\"https:\/\/legacy.orege.com\/fr\/recrutement\/#primaryimage\",\"url\":\"https:\/\/www.orege.com\/content\/uploads\/2021\/02\/logo-one-team-to-be.png\",\"contentUrl\":\"https:\/\/www.orege.com\/content\/uploads\/2021\/02\/logo-one-team-to-be.png\"},{\"@type\":\"BreadcrumbList\",\"@id\":\"https:\/\/legacy.orege.com\/fr\/recrutement\/#breadcrumb\",\"itemListElement\":[{\"@type\":\"ListItem\",\"position\":1,\"name\":\"Home\",\"item\":\"https:\/\/legacy.orege.com\/fr\/\"},{\"@type\":\"ListItem\",\"position\":2,\"name\":\"Recrutement\"}]},{\"@type\":\"WebSite\",\"@id\":\"https:\/\/legacy.orege.com\/fr\/#website\",\"url\":\"https:\/\/legacy.orege.com\/fr\/\",\"name\":\"Or\u00e8ge\",\"description\":\"\",\"potentialAction\":[{\"@type\":\"SearchAction\",\"target\":{\"@type\":\"EntryPoint\",\"urlTemplate\":\"https:\/\/legacy.orege.com\/fr\/?s={search_term_string}\"},\"query-input\":{\"@type\":\"PropertyValueSpecification\",\"valueRequired\":true,\"valueName\":\"search_term_string\"}}],\"inLanguage\":\"fr-FR\"}]}<\/script>\n<!-- \/ Yoast SEO plugin. -->","yoast_head_json":{"title":"Recrutement - Or\u00e8ge","robots":{"index":"index","follow":"follow","max-snippet":"max-snippet:-1","max-image-preview":"max-image-preview:large","max-video-preview":"max-video-preview:-1"},"canonical":"https:\/\/legacy.orege.com\/fr\/recrutement\/","og_locale":"fr_FR","og_type":"article","og_title":"Recrutement - Or\u00e8ge","og_description":"Pourquoi rejoindre Or\u00e8ge Un acteur cl\u00e9 de l\u2019\u00e9conomie circulaire et de la transition \u00e9nerg\u00e9tique depuis plus de 15 an Or\u00e8ge accompagne ses clients, industriels, acteurs du secteur agricole, municipalit\u00e9s, exploitants d\u2019installations d\u2019eaux ou m\u00e9thaniseurs, dans une d\u00e9marche globale de valorisation des d\u00e9chets visant en faire un produit \u00e0 forte valeur ajout\u00e9 . Les solutions Or\u00e8ge [&hellip;]","og_url":"https:\/\/legacy.orege.com\/fr\/recrutement\/","og_site_name":"Or\u00e8ge","article_modified_time":"2024-11-22T10:46:46+00:00","og_image":[{"url":"https:\/\/www.orege.com\/content\/uploads\/2021\/02\/logo-one-team-to-be.png","type":"","width":"","height":""}],"twitter_card":"summary_large_image","twitter_misc":{"Dur\u00e9e de lecture estim\u00e9e":"2 minutes"},"schema":{"@context":"https:\/\/schema.org","@graph":[{"@type":"WebPage","@id":"https:\/\/legacy.orege.com\/fr\/recrutement\/","url":"https:\/\/legacy.orege.com\/fr\/recrutement\/","name":"Recrutement - Or\u00e8ge","isPartOf":{"@id":"https:\/\/legacy.orege.com\/fr\/#website"},"primaryImageOfPage":{"@id":"https:\/\/legacy.orege.com\/fr\/recrutement\/#primaryimage"},"image":{"@id":"https:\/\/legacy.orege.com\/fr\/recrutement\/#primaryimage"},"thumbnailUrl":"https:\/\/www.orege.com\/content\/uploads\/2021\/02\/logo-one-team-to-be.png","datePublished":"2016-07-21T09:26:22+00:00","dateModified":"2024-11-22T10:46:46+00:00","breadcrumb":{"@id":"https:\/\/legacy.orege.com\/fr\/recrutement\/#breadcrumb"},"inLanguage":"fr-FR","potentialAction":[{"@type":"ReadAction","target":["https:\/\/legacy.orege.com\/fr\/recrutement\/"]}]},{"@type":"ImageObject","inLanguage":"fr-FR","@id":"https:\/\/legacy.orege.com\/fr\/recrutement\/#primaryimage","url":"https:\/\/www.orege.com\/content\/uploads\/2021\/02\/logo-one-team-to-be.png","contentUrl":"https:\/\/www.orege.com\/content\/uploads\/2021\/02\/logo-one-team-to-be.png"},{"@type":"BreadcrumbList","@id":"https:\/\/legacy.orege.com\/fr\/recrutement\/#breadcrumb","itemListElement":[{"@type":"ListItem","position":1,"name":"Home","item":"https:\/\/legacy.orege.com\/fr\/"},{"@type":"ListItem","position":2,"name":"Recrutement"}]},{"@type":"WebSite","@id":"https:\/\/legacy.orege.com\/fr\/#website","url":"https:\/\/legacy.orege.com\/fr\/","name":"Or\u00e8ge","description":"","potentialAction":[{"@type":"SearchAction","target":{"@type":"EntryPoint","urlTemplate":"https:\/\/legacy.orege.com\/fr\/?s={search_term_string}"},"query-input":{"@type":"PropertyValueSpecification","valueRequired":true,"valueName":"search_term_string"}}],"inLanguage":"fr-FR"}]}},"_links":{"self":[{"href":"https:\/\/legacy.orege.com\/fr\/wp-json\/wp\/v2\/pages\/403","targetHints":{"allow":["GET"]}}],"collection":[{"href":"https:\/\/legacy.orege.com\/fr\/wp-json\/wp\/v2\/pages"}],"about":[{"href":"https:\/\/legacy.orege.com\/fr\/wp-json\/wp\/v2\/types\/page"}],"author":[{"embeddable":true,"href":"https:\/\/legacy.orege.com\/fr\/wp-json\/wp\/v2\/users\/1"}],"replies":[{"embeddable":true,"href":"https:\/\/legacy.orege.com\/fr\/wp-json\/wp\/v2\/comments?post=403"}],"version-history":[{"count":16,"href":"https:\/\/legacy.orege.com\/fr\/wp-json\/wp\/v2\/pages\/403\/revisions"}],"predecessor-version":[{"id":4444,"href":"https:\/\/legacy.orege.com\/fr\/wp-json\/wp\/v2\/pages\/403\/revisions\/4444"}],"wp:attachment":[{"href":"https:\/\/legacy.orege.com\/fr\/wp-json\/wp\/v2\/media?parent=403"}],"curies":[{"name":"wp","href":"https:\/\/api.w.org\/{rel}","templated":true}]}}