{"id":401,"date":"2016-07-21T09:23:59","date_gmt":"2016-07-21T09:23:59","guid":{"rendered":"https:\/\/www.orege.com\/fr\/?page_id=401"},"modified":"2021-05-11T19:02:48","modified_gmt":"2021-05-11T19:02:48","slug":"finance","status":"publish","type":"page","link":"https:\/\/legacy.orege.com\/fr\/finance\/","title":{"rendered":"Investisseurs"},"content":{"rendered":"<h2>Or\u00e8ge en bourse<\/h2>\n<p>Or\u00e8ge est cot\u00e9e sur le march\u00e9 Euronext FR0010609206OREGE depuis le 5 Juillet 2013<\/p>\n<p>Le titre Or\u00e8ge est suivi en France par Gilbert Dupont (Groupe Cr\u00e9dit du Nord\/Soci\u00e9t\u00e9 G\u00e9n\u00e9rale).<\/p>\n<p>Sur la base de ses comptes consolid\u00e9s au 31 d\u00e9cembre 2020, Or\u00e8ge r\u00e9pond \u00e0 l\u2019ensemble des crit\u00e8res d\u2019\u00e9ligibilit\u00e9 PEA-PME \u00e9tablis par le d\u00e9cret n\u00b02014- 283 du 4 mars 2014.<\/p>\n<h2 style=\"margin-bottom: 0.5rem;\">R\u00e9partition du Capital d\u2019Or\u00e8ge au 15\/02\/2021<\/h2>\n<p><strong>EREN Industries, actionnaire de r\u00e9f\u00e9rence d\u2019Or\u00e8ge<\/strong><\/p>\n<p><img fetchpriority=\"high\" decoding=\"async\" class=\"img-responsive aligncenter wp-image-3383 size-large\" src=\"https:\/\/www.orege.com\/content\/uploads\/2021\/05\/investisseurs-fr-1024x593.jpg\" alt=\"\" width=\"1024\" height=\"593\" \/><\/p>\n<p><br \/>\n<img decoding=\"async\" class=\"alignnone size-full wp-image-1994\" src=\"https:\/\/www.orege.com\/content\/uploads\/2019\/04\/logo-eren.png\" alt=\"\" width=\"167\" height=\"43\" \/><\/p>\n<p>EREN Groupe, dirig\u00e9 par P\u00e2ris Mouratoglou et David Corchia, est d\u00e9di\u00e9 \u00e0 l\u2019\u00e9conomie des ressources naturelles. Sa filiale EREN Industries coordonne les activit\u00e9s industrielles du Groupe, tandis que sa filiale Total-Eren d\u00e9veloppe des projets d\u2019\u00e9nergie renouvelable essentiellement \u00e0 l\u2019international.<\/p>\n<p>Pour plus d\u2019informations: <a href=\"http:\/\/www.eren-groupe.com\" target=\"_blank\" rel=\"noopener noreferrer\">www.eren-groupe.com<\/a><\/p>\n<p>Vous souhaitez un contact : <a href=\"mailto:investisseurs@orege.com\">investisseurs@orege.com<\/a><\/p>\n","protected":false},"excerpt":{"rendered":"<p>Or\u00e8ge en bourse Or\u00e8ge est cot\u00e9e sur le march\u00e9 Euronext FR0010609206OREGE depuis le 5 Juillet 2013 Le titre Or\u00e8ge est suivi en France par Gilbert Dupont (Groupe Cr\u00e9dit du Nord\/Soci\u00e9t\u00e9 G\u00e9n\u00e9rale). Sur la base de ses comptes consolid\u00e9s au 31 d\u00e9cembre 2020, Or\u00e8ge r\u00e9pond \u00e0 l\u2019ensemble des crit\u00e8res d\u2019\u00e9ligibilit\u00e9 PEA-PME \u00e9tablis par le d\u00e9cret n\u00b02014- [&hellip;]<\/p>\n","protected":false},"author":1,"featured_media":0,"parent":0,"menu_order":0,"comment_status":"closed","ping_status":"closed","template":"","meta":{"_acf_changed":false,"footnotes":""},"class_list":["post-401","page","type-page","status-publish","hentry"],"acf":[],"yoast_head":"<!-- This site is optimized with the Yoast SEO plugin v26.8 - https:\/\/yoast.com\/product\/yoast-seo-wordpress\/ -->\n<title>Investisseurs - Or\u00e8ge<\/title>\n<meta name=\"robots\" content=\"index, follow, max-snippet:-1, max-image-preview:large, max-video-preview:-1\" \/>\n<link rel=\"canonical\" href=\"https:\/\/legacy.orege.com\/fr\/finance\/\" \/>\n<meta property=\"og:locale\" content=\"fr_FR\" \/>\n<meta property=\"og:type\" content=\"article\" \/>\n<meta property=\"og:title\" content=\"Investisseurs - Or\u00e8ge\" \/>\n<meta property=\"og:description\" content=\"Or\u00e8ge en bourse Or\u00e8ge est cot\u00e9e sur le march\u00e9 Euronext FR0010609206OREGE depuis le 5 Juillet 2013 Le titre Or\u00e8ge est suivi en France par Gilbert Dupont (Groupe Cr\u00e9dit du Nord\/Soci\u00e9t\u00e9 G\u00e9n\u00e9rale). Sur la base de ses comptes consolid\u00e9s au 31 d\u00e9cembre 2020, Or\u00e8ge r\u00e9pond \u00e0 l\u2019ensemble des crit\u00e8res d\u2019\u00e9ligibilit\u00e9 PEA-PME \u00e9tablis par le d\u00e9cret n\u00b02014- [&hellip;]\" \/>\n<meta property=\"og:url\" content=\"https:\/\/legacy.orege.com\/fr\/finance\/\" \/>\n<meta property=\"og:site_name\" content=\"Or\u00e8ge\" \/>\n<meta property=\"article:modified_time\" content=\"2021-05-11T19:02:48+00:00\" \/>\n<meta property=\"og:image\" content=\"https:\/\/www.orege.com\/content\/uploads\/2021\/05\/investisseurs-fr-1024x593.jpg\" \/>\n<meta name=\"twitter:card\" content=\"summary_large_image\" \/>\n<meta name=\"twitter:label1\" content=\"Dur\u00e9e de lecture estim\u00e9e\" \/>\n\t<meta name=\"twitter:data1\" content=\"1 minute\" \/>\n<script type=\"application\/ld+json\" class=\"yoast-schema-graph\">{\"@context\":\"https:\/\/schema.org\",\"@graph\":[{\"@type\":\"WebPage\",\"@id\":\"https:\/\/legacy.orege.com\/fr\/finance\/\",\"url\":\"https:\/\/legacy.orege.com\/fr\/finance\/\",\"name\":\"Investisseurs - Or\u00e8ge\",\"isPartOf\":{\"@id\":\"https:\/\/legacy.orege.com\/fr\/#website\"},\"primaryImageOfPage\":{\"@id\":\"https:\/\/legacy.orege.com\/fr\/finance\/#primaryimage\"},\"image\":{\"@id\":\"https:\/\/legacy.orege.com\/fr\/finance\/#primaryimage\"},\"thumbnailUrl\":\"https:\/\/www.orege.com\/content\/uploads\/2021\/05\/investisseurs-fr-1024x593.jpg\",\"datePublished\":\"2016-07-21T09:23:59+00:00\",\"dateModified\":\"2021-05-11T19:02:48+00:00\",\"breadcrumb\":{\"@id\":\"https:\/\/legacy.orege.com\/fr\/finance\/#breadcrumb\"},\"inLanguage\":\"fr-FR\",\"potentialAction\":[{\"@type\":\"ReadAction\",\"target\":[\"https:\/\/legacy.orege.com\/fr\/finance\/\"]}]},{\"@type\":\"ImageObject\",\"inLanguage\":\"fr-FR\",\"@id\":\"https:\/\/legacy.orege.com\/fr\/finance\/#primaryimage\",\"url\":\"https:\/\/www.orege.com\/content\/uploads\/2021\/05\/investisseurs-fr-1024x593.jpg\",\"contentUrl\":\"https:\/\/www.orege.com\/content\/uploads\/2021\/05\/investisseurs-fr-1024x593.jpg\"},{\"@type\":\"BreadcrumbList\",\"@id\":\"https:\/\/legacy.orege.com\/fr\/finance\/#breadcrumb\",\"itemListElement\":[{\"@type\":\"ListItem\",\"position\":1,\"name\":\"Home\",\"item\":\"https:\/\/legacy.orege.com\/fr\/\"},{\"@type\":\"ListItem\",\"position\":2,\"name\":\"Investisseurs\"}]},{\"@type\":\"WebSite\",\"@id\":\"https:\/\/legacy.orege.com\/fr\/#website\",\"url\":\"https:\/\/legacy.orege.com\/fr\/\",\"name\":\"Or\u00e8ge\",\"description\":\"\",\"potentialAction\":[{\"@type\":\"SearchAction\",\"target\":{\"@type\":\"EntryPoint\",\"urlTemplate\":\"https:\/\/legacy.orege.com\/fr\/?s={search_term_string}\"},\"query-input\":{\"@type\":\"PropertyValueSpecification\",\"valueRequired\":true,\"valueName\":\"search_term_string\"}}],\"inLanguage\":\"fr-FR\"}]}<\/script>\n<!-- \/ Yoast SEO plugin. -->","yoast_head_json":{"title":"Investisseurs - Or\u00e8ge","robots":{"index":"index","follow":"follow","max-snippet":"max-snippet:-1","max-image-preview":"max-image-preview:large","max-video-preview":"max-video-preview:-1"},"canonical":"https:\/\/legacy.orege.com\/fr\/finance\/","og_locale":"fr_FR","og_type":"article","og_title":"Investisseurs - Or\u00e8ge","og_description":"Or\u00e8ge en bourse Or\u00e8ge est cot\u00e9e sur le march\u00e9 Euronext FR0010609206OREGE depuis le 5 Juillet 2013 Le titre Or\u00e8ge est suivi en France par Gilbert Dupont (Groupe Cr\u00e9dit du Nord\/Soci\u00e9t\u00e9 G\u00e9n\u00e9rale). Sur la base de ses comptes consolid\u00e9s au 31 d\u00e9cembre 2020, Or\u00e8ge r\u00e9pond \u00e0 l\u2019ensemble des crit\u00e8res d\u2019\u00e9ligibilit\u00e9 PEA-PME \u00e9tablis par le d\u00e9cret n\u00b02014- [&hellip;]","og_url":"https:\/\/legacy.orege.com\/fr\/finance\/","og_site_name":"Or\u00e8ge","article_modified_time":"2021-05-11T19:02:48+00:00","og_image":[{"url":"https:\/\/www.orege.com\/content\/uploads\/2021\/05\/investisseurs-fr-1024x593.jpg","type":"","width":"","height":""}],"twitter_card":"summary_large_image","twitter_misc":{"Dur\u00e9e de lecture estim\u00e9e":"1 minute"},"schema":{"@context":"https:\/\/schema.org","@graph":[{"@type":"WebPage","@id":"https:\/\/legacy.orege.com\/fr\/finance\/","url":"https:\/\/legacy.orege.com\/fr\/finance\/","name":"Investisseurs - Or\u00e8ge","isPartOf":{"@id":"https:\/\/legacy.orege.com\/fr\/#website"},"primaryImageOfPage":{"@id":"https:\/\/legacy.orege.com\/fr\/finance\/#primaryimage"},"image":{"@id":"https:\/\/legacy.orege.com\/fr\/finance\/#primaryimage"},"thumbnailUrl":"https:\/\/www.orege.com\/content\/uploads\/2021\/05\/investisseurs-fr-1024x593.jpg","datePublished":"2016-07-21T09:23:59+00:00","dateModified":"2021-05-11T19:02:48+00:00","breadcrumb":{"@id":"https:\/\/legacy.orege.com\/fr\/finance\/#breadcrumb"},"inLanguage":"fr-FR","potentialAction":[{"@type":"ReadAction","target":["https:\/\/legacy.orege.com\/fr\/finance\/"]}]},{"@type":"ImageObject","inLanguage":"fr-FR","@id":"https:\/\/legacy.orege.com\/fr\/finance\/#primaryimage","url":"https:\/\/www.orege.com\/content\/uploads\/2021\/05\/investisseurs-fr-1024x593.jpg","contentUrl":"https:\/\/www.orege.com\/content\/uploads\/2021\/05\/investisseurs-fr-1024x593.jpg"},{"@type":"BreadcrumbList","@id":"https:\/\/legacy.orege.com\/fr\/finance\/#breadcrumb","itemListElement":[{"@type":"ListItem","position":1,"name":"Home","item":"https:\/\/legacy.orege.com\/fr\/"},{"@type":"ListItem","position":2,"name":"Investisseurs"}]},{"@type":"WebSite","@id":"https:\/\/legacy.orege.com\/fr\/#website","url":"https:\/\/legacy.orege.com\/fr\/","name":"Or\u00e8ge","description":"","potentialAction":[{"@type":"SearchAction","target":{"@type":"EntryPoint","urlTemplate":"https:\/\/legacy.orege.com\/fr\/?s={search_term_string}"},"query-input":{"@type":"PropertyValueSpecification","valueRequired":true,"valueName":"search_term_string"}}],"inLanguage":"fr-FR"}]}},"_links":{"self":[{"href":"https:\/\/legacy.orege.com\/fr\/wp-json\/wp\/v2\/pages\/401","targetHints":{"allow":["GET"]}}],"collection":[{"href":"https:\/\/legacy.orege.com\/fr\/wp-json\/wp\/v2\/pages"}],"about":[{"href":"https:\/\/legacy.orege.com\/fr\/wp-json\/wp\/v2\/types\/page"}],"author":[{"embeddable":true,"href":"https:\/\/legacy.orege.com\/fr\/wp-json\/wp\/v2\/users\/1"}],"replies":[{"embeddable":true,"href":"https:\/\/legacy.orege.com\/fr\/wp-json\/wp\/v2\/comments?post=401"}],"version-history":[{"count":35,"href":"https:\/\/legacy.orege.com\/fr\/wp-json\/wp\/v2\/pages\/401\/revisions"}],"predecessor-version":[{"id":3536,"href":"https:\/\/legacy.orege.com\/fr\/wp-json\/wp\/v2\/pages\/401\/revisions\/3536"}],"wp:attachment":[{"href":"https:\/\/legacy.orege.com\/fr\/wp-json\/wp\/v2\/media?parent=401"}],"curies":[{"name":"wp","href":"https:\/\/api.w.org\/{rel}","templated":true}]}}