{"id":3357,"date":"2021-05-04T16:05:45","date_gmt":"2021-05-04T16:05:45","guid":{"rendered":"https:\/\/www.orege.com\/?page_id=3357"},"modified":"2024-11-21T18:01:04","modified_gmt":"2024-11-21T18:01:04","slug":"references","status":"publish","type":"page","link":"https:\/\/legacy.orege.com\/fr\/references\/","title":{"rendered":"Les r\u00e9f\u00e9rences"},"content":{"rendered":"<p class=\"big blue\">Un parc international install\u00e9<\/p>\n<div style=\"width: 1280px;\" class=\"wp-video\"><video class=\"wp-video-shortcode\" id=\"video-3357-1\" width=\"1280\" height=\"720\" preload=\"metadata\" controls=\"controls\"><source type=\"video\/mp4\" src=\"https:\/\/www.orege.com\/content\/uploads\/2021\/05\/slg-vs-no-slg.mp4?_=1\" \/><a href=\"https:\/\/www.orege.com\/content\/uploads\/2021\/05\/slg-vs-no-slg.mp4\">https:\/\/www.orege.com\/content\/uploads\/2021\/05\/slg-vs-no-slg.mp4<\/a><\/video><\/div>\n<h2>Des projets cl\u00e9s<\/h2>\n<table>\n<tbody>\n<tr>\n<th width=\"20%\">Client<\/th>\n<th width=\"20%\">Application<\/th>\n<th width=\"20%\">\u00c9quipement d\u2019\u00e9paississement \/d\u00e9shydratation incluant l\u2019\u00e9quipement Or\u00e8ge<\/th>\n<th width=\"10%\">Ann\u00e9e d&rsquo;installation<\/th>\n<th width=\"30%\">Principaux avantages du SLG et retour sur investissement<\/th>\n<\/tr>\n<tr>\n<td>Capital sale Scottish Water UK<\/td>\n<td>Thickening Nereda sludge<\/td>\n<td>SLG-F Skid<\/td>\n<td>2021<\/td>\n<td>\n<ul>\n<li>70% Reduction in liquid transported sludge<\/li>\n<li>70% Reduction in CO2<\/li>\n<li>Plug &amp; Play package plant DfMA installed in 3 days<\/li>\n<li>70% Reduction in project and site time<\/li>\n<li>Reduced NH4 filtrate<\/li>\n<li>Reduced P filtrate<\/li>\n<li>Low solids BOD loading back to head works filtrate Installed in existing footprint<\/li>\n<li>Lower odour Lower viscosity<\/li>\n<\/ul>\n<\/td>\n<\/tr>\n<tr>\n<td>Capital sale Scottish Water UK<\/td>\n<td>Thickening SBR sludge<\/td>\n<td>SLG-F Skid<\/td>\n<td>2021<\/td>\n<td>\n<ul>\n<li>70% Reduction in liquid transported sludge<\/li>\n<li>70% Reduction in CO2<\/li>\n<li>Plug &amp; Play package plant DfMA installed in 3 days 70%<\/li>\n<li>Reduction in project and site time<\/li>\n<li>Reduced NH4 filtrate<\/li>\n<li>Reduced P filtrate<\/li>\n<li>Low solids BOD loading back to head works filtrate Installed in existing footprint<\/li>\n<li>Lower odour Lower viscosity<\/li>\n<\/ul>\n<\/td>\n<\/tr>\n<tr>\n<td>Capital sale Scottish Water UK<\/td>\n<td>Thickening SAS<\/td>\n<td>SLG-F Container<\/td>\n<td>2021<\/td>\n<td>\n<ul>\n<li>70% Reduction in liquid transported sludge<\/li>\n<li>70% Reduction in Co2<\/li>\n<li>Plug &amp; Play package plant DfMA installed in 3 days<\/li>\n<li>70% Reduction in project and site time<\/li>\n<li>Reduced NH4 filtrate<\/li>\n<li>Reduced P filtrate<\/li>\n<li>Low solids BOD loading back to head works filtrate Installed in existing footprint<\/li>\n<li>Lower odour<\/li>\n<li>Lower viscosity<\/li>\n<\/ul>\n<\/td>\n<\/tr>\n<tr>\n<td>Rental Severn Trent UK<\/td>\n<td>Thickening Primary\/Imports<\/td>\n<td>2 x SLG-F Mobile trailers<\/td>\n<td>2023<\/td>\n<td>\n<ul>\n<li>38% increase in Methane production<\/li>\n<li>Increase in imported sludge capacity<\/li>\n<li>Plug &amp; Play package plant DfMA<\/li>\n<li>70% Reduction in project and site time<\/li>\n<li>Low solids BOD loading back to head works filtrate Installed in 20 minutes mobile service with operator<\/li>\n<li>Lower odour<\/li>\n<li>Lower viscosity<\/li>\n<\/ul>\n<\/td>\n<\/tr>\n<tr>\n<td>Rental Severn Trent UK<\/td>\n<td>Thickening Primary\/Imports<\/td>\n<td>SLG-F Mobile trailer<\/td>\n<td>2023<\/td>\n<td>\n<ul>\n<li>Increase in Methane production<\/li>\n<li>Increase in imported sludge capacity<\/li>\n<li>Plug &amp; Play package plant DfMA<\/li>\n<li>70% reduction in project and site time<\/li>\n<li>Low solids BOD loading back to head works filtrate<\/li>\n<li>Lower odour<\/li>\n<li>Lower viscosity<\/li>\n<\/ul>\n<\/td>\n<\/tr>\n<tr>\n<td>Capital sale Severn Trent UK<\/td>\n<td>Thickening Primary\/Imports<\/td>\n<td>3 x SLG-F Container Package Plant concept<\/td>\n<td>2022\/2023<\/td>\n<td>\n<ul>\n<li>Increase in Methane production<\/li>\n<li>Increase in imported sludge &amp; revenue<\/li>\n<li>Plug &amp; Play package plant DfMA installed in 3 days<\/li>\n<li>Reduction in project and site time<\/li>\n<li>Low solids BOD loading back to head works filtrate<\/li>\n<li>Lower odour<\/li>\n<li>Lower viscosity<\/li>\n<\/ul>\n<\/td>\n<\/tr>\n<tr>\n<td>Rental United Utilities UK<\/td>\n<td>Thickening<\/td>\n<td>SLG-F Skid<\/td>\n<td>2024<\/td>\n<td>\n<ul>\n<li>Reduction in liquid road transported sludge Increase in imported sludge capacity 70%<\/li>\n<li>Reduction in Co2<\/li>\n<li>Plug &amp; Play package plant DfMA installed in 3 days 70%<\/li>\n<li>Reduction in project and site time<\/li>\n<li>Reduced NH4 filtrate<\/li>\n<li>Reduced P filtrate<\/li>\n<li>Low solids BOD loading back to head works filtrate<\/li>\n<li>Lower odour<\/li>\n<li>Lower viscosity<\/li>\n<\/ul>\n<\/td>\n<\/tr>\n<tr>\n<td>Easley Combined Utility Authority US<\/td>\n<td>Thickening<\/td>\n<td>1 SLG-FF<\/td>\n<td>2024<\/td>\n<td>\n<ul>\n<li>Reduce liquid sludge haul volumes by 50%<\/li>\n<\/ul>\n<\/td>\n<\/tr>\n<tr>\n<td>LaCrosse, WI US<\/td>\n<td>Thickening<\/td>\n<td>1 SLG-F<\/td>\n<td>2024<\/td>\n<td>\n<ul>\n<li>Increase %TS solids loading to anaerobic digester<\/li>\n<\/ul>\n<\/td>\n<\/tr>\n<tr>\n<td>Corona de Tuscon, AZ US<\/td>\n<td>Thickening<\/td>\n<td>1 SLG-FF<\/td>\n<td>2024<\/td>\n<td>\n<ul>\n<li>Reduce liquid sludge haul volumes by 50%<\/li>\n<\/ul>\n<\/td>\n<\/tr>\n<tr>\n<td>City of South San Francisco US<\/td>\n<td>Dewatering<\/td>\n<td>2 SLG<\/td>\n<td>2018<\/td>\n<td>\n<ul>\n<li>Increase cake solids and reduce polymer consumption to achieve annual savings of $100k\/year<\/li>\n<\/ul>\n<\/td>\n<\/tr>\n<tr>\n<td>GCUA<br \/>\n(New Jersey &#8211; USA) Municipalit\u00e9<\/td>\n<td>D\u00e9shydratation<\/td>\n<td>2 SLG associ\u00e9s \u00e0 2 filtres \u00e0 bandes<\/td>\n<td>2017 &amp; 2020<\/td>\n<td>\u2022 Gain de siccit\u00e9 de +2 %MS<br \/>\n\u2022 R\u00e9duction de la consommation de polym\u00e8re &gt; 20%<\/td>\n<\/tr>\n<tr>\n<td>Two Rivers (Nord Est &#8211; USA) Municipalit\u00e9<\/td>\n<td>D\u00e9shydratation<\/td>\n<td>SLG + Filtre \u00e0 bandes &amp; Service d\u2019optimisation Or\u00e8ge<\/td>\n<td>2019<\/td>\n<td>\u2022 Capacit\u00e9 de d\u00e9bit de traitement doubl\u00e9e \u2022 Retour sur investissement &lt; 2 ans<\/td>\n<\/tr>\n<tr>\n<td>Anglian Water (UK)<br \/>\nWater Utility<\/td>\n<td>Epaississement<\/td>\n<td>2 SLG-F Mobiles<\/td>\n<td>2018<\/td>\n<td>\u2022 R\u00e9duction du volume de boue liquide transport\u00e9e de 66%<br \/>\n\u2022 R\u00e9duction de l&#8217;empreinte carbone et des \u00e9missions CO2<br \/>\n\u2022 Retour sur investissement entre 2 et 3 ans<br \/>\n\u2022 Besoin faible d&rsquo;infrastructure<br \/>\n\u2022 Installation et d\u00e9ploiement rapides sur diff\u00e9rents sites o\u00f9 des solutions fixes ne sont pas rentables<\/td>\n<\/tr>\n<tr>\n<td>Scottish Water (UK)<br \/>\nWater Utility<\/td>\n<td>Epaississement<\/td>\n<td>SLG-F Skid<\/td>\n<td>2020<\/td>\n<td>\u2022 R\u00e9duction du volume de boue liquide transport\u00e9e jusqu&rsquo;\u00e0 70%<br \/>\n\u2022 R\u00e9duction de l&#8217;empreinte carbone et des \u00e9missions CO2<br \/>\n\u2022 Retour sur investissement de 18 mois<br \/>\n\u2022 Install\u00e9 sous un kiosque sans n\u00e9cessit\u00e9 de nouveau b\u00e2timent<\/td>\n<\/tr>\n<tr>\n<td>Wessex Water (UK)<br \/>\nWater Utility<\/td>\n<td>Epaississement<\/td>\n<td>SLG-F Mobile<\/td>\n<td>2018<\/td>\n<td>\u2022 R\u00e9duction du volume de boue liquide transport\u00e9e entre 50 et 70%<br \/>\n\u2022 R\u00e9duction de l&#8217;empreinte carbone et des \u00e9missions CO2<br \/>\n\u2022 Retour sur investissement &lt;3 ans<br \/>\n\u2022 Installation et d\u00e9ploiement rapides sur diff\u00e9rents sites o\u00f9 des solutions fixes ne sont pas rentables<br \/>\n\u2022 Besoin faible d&rsquo;infrastructure<br \/>\n\u2022 Les boues restent pompables \u00e0 6%MS<br \/>\n\u2022 Epaississement de diff\u00e9rents types de boues dont les boues phosphor\u00e9es (\u00ab\u00a0P- Sludge\u00a0\u00bb)<\/td>\n<\/tr>\n<tr>\n<td>Sappi Ehingen (Allemagne)<br \/>\nUsine de fabrication de p\u00e2te \u00e0 papier et de papiers sp\u00e9ciaux<\/td>\n<td>D\u00e9shydratation des boues de production de papier et des boues exc\u00e9dentaires<\/td>\n<td>2 SLG combin\u00e9s \u00e0 2 Filtres \u00e0 bandes \u201cWinklepress\u201c<\/td>\n<td>2017<\/td>\n<td>\u2022 R\u00e9duction du volume des boues \u00e0 \u00e9liminer &gt; 20%<br \/>\n\u2022 Augmentation du d\u00e9bit hydraulique &gt; 50%<br \/>\n\u2022 R\u00e9duction de la consommation de polym\u00e8re &gt; 30%<br \/>\n\u2022 R\u00e9duction des odeurs<br \/>\n\u2022 Retour sur investissement &lt; 3 ans<\/td>\n<\/tr>\n<\/tbody>\n<\/table>\n<p>&nbsp;<\/p>\n<div id=\"attachment_3367\" style=\"\"class=\"wp-caption aligncenter d-block mx-auto w-100\"><img fetchpriority=\"high\" decoding=\"async\" aria-describedby=\"caption-attachment-3367\" class=\"img-responsive wp-image-3367 size-large\" src=\"https:\/\/www.orege.com\/content\/uploads\/2021\/05\/Installation-DeLand_-1024x576.jpg\" alt=\"\" width=\"1024\" height=\"576\" \/><p id=\"caption-attachment-3367\" class=\"wp-caption-text\">Installation SLG \u00e0 la STEP de Deland<\/p><\/div>\n","protected":false},"excerpt":{"rendered":"<p>Un parc international install\u00e9 Des projets cl\u00e9s Client Application \u00c9quipement d\u2019\u00e9paississement \/d\u00e9shydratation incluant l\u2019\u00e9quipement Or\u00e8ge Ann\u00e9e d&rsquo;installation Principaux avantages du SLG et retour sur investissement Capital sale Scottish Water UK Thickening Nereda sludge SLG-F Skid 2021 70% Reduction in liquid transported sludge 70% Reduction in CO2 Plug &amp; Play package plant DfMA installed in 3 [&hellip;]<\/p>\n","protected":false},"author":1,"featured_media":0,"parent":0,"menu_order":0,"comment_status":"closed","ping_status":"closed","template":"","meta":{"_acf_changed":false,"footnotes":""},"class_list":["post-3357","page","type-page","status-publish","hentry"],"acf":[],"yoast_head":"<!-- This site is optimized with the Yoast SEO plugin v26.8 - https:\/\/yoast.com\/product\/yoast-seo-wordpress\/ -->\n<title>Les r\u00e9f\u00e9rences - Or\u00e8ge<\/title>\n<meta name=\"robots\" content=\"index, follow, max-snippet:-1, max-image-preview:large, max-video-preview:-1\" \/>\n<link rel=\"canonical\" href=\"https:\/\/legacy.orege.com\/fr\/references\/\" \/>\n<meta property=\"og:locale\" content=\"fr_FR\" \/>\n<meta property=\"og:type\" content=\"article\" \/>\n<meta property=\"og:title\" content=\"Les r\u00e9f\u00e9rences - Or\u00e8ge\" \/>\n<meta property=\"og:description\" content=\"Un parc international install\u00e9 Des projets cl\u00e9s Client Application \u00c9quipement d\u2019\u00e9paississement \/d\u00e9shydratation incluant l\u2019\u00e9quipement Or\u00e8ge Ann\u00e9e d&rsquo;installation Principaux avantages du SLG et retour sur investissement Capital sale Scottish Water UK Thickening Nereda sludge SLG-F Skid 2021 70% Reduction in liquid transported sludge 70% Reduction in CO2 Plug &amp; Play package plant DfMA installed in 3 [&hellip;]\" \/>\n<meta property=\"og:url\" content=\"https:\/\/legacy.orege.com\/fr\/references\/\" \/>\n<meta property=\"og:site_name\" content=\"Or\u00e8ge\" \/>\n<meta property=\"article:modified_time\" content=\"2024-11-21T18:01:04+00:00\" \/>\n<meta property=\"og:image\" content=\"https:\/\/www.orege.com\/content\/uploads\/2021\/05\/Installation-DeLand_-1024x576.jpg\" \/>\n<meta name=\"twitter:card\" content=\"summary_large_image\" \/>\n<meta name=\"twitter:label1\" content=\"Dur\u00e9e de lecture estim\u00e9e\" \/>\n\t<meta name=\"twitter:data1\" content=\"4 minutes\" \/>\n<script type=\"application\/ld+json\" class=\"yoast-schema-graph\">{\"@context\":\"https:\/\/schema.org\",\"@graph\":[{\"@type\":\"WebPage\",\"@id\":\"https:\/\/legacy.orege.com\/fr\/references\/\",\"url\":\"https:\/\/legacy.orege.com\/fr\/references\/\",\"name\":\"Les r\u00e9f\u00e9rences - Or\u00e8ge\",\"isPartOf\":{\"@id\":\"https:\/\/legacy.orege.com\/fr\/#website\"},\"primaryImageOfPage\":{\"@id\":\"https:\/\/legacy.orege.com\/fr\/references\/#primaryimage\"},\"image\":{\"@id\":\"https:\/\/legacy.orege.com\/fr\/references\/#primaryimage\"},\"thumbnailUrl\":\"https:\/\/www.orege.com\/content\/uploads\/2021\/05\/Installation-DeLand_-1024x576.jpg\",\"datePublished\":\"2021-05-04T16:05:45+00:00\",\"dateModified\":\"2024-11-21T18:01:04+00:00\",\"breadcrumb\":{\"@id\":\"https:\/\/legacy.orege.com\/fr\/references\/#breadcrumb\"},\"inLanguage\":\"fr-FR\",\"potentialAction\":[{\"@type\":\"ReadAction\",\"target\":[\"https:\/\/legacy.orege.com\/fr\/references\/\"]}]},{\"@type\":\"ImageObject\",\"inLanguage\":\"fr-FR\",\"@id\":\"https:\/\/legacy.orege.com\/fr\/references\/#primaryimage\",\"url\":\"https:\/\/www.orege.com\/content\/uploads\/2021\/05\/Installation-DeLand_-1024x576.jpg\",\"contentUrl\":\"https:\/\/www.orege.com\/content\/uploads\/2021\/05\/Installation-DeLand_-1024x576.jpg\"},{\"@type\":\"BreadcrumbList\",\"@id\":\"https:\/\/legacy.orege.com\/fr\/references\/#breadcrumb\",\"itemListElement\":[{\"@type\":\"ListItem\",\"position\":1,\"name\":\"Home\",\"item\":\"https:\/\/legacy.orege.com\/fr\/\"},{\"@type\":\"ListItem\",\"position\":2,\"name\":\"Les r\u00e9f\u00e9rences\"}]},{\"@type\":\"WebSite\",\"@id\":\"https:\/\/legacy.orege.com\/fr\/#website\",\"url\":\"https:\/\/legacy.orege.com\/fr\/\",\"name\":\"Or\u00e8ge\",\"description\":\"\",\"potentialAction\":[{\"@type\":\"SearchAction\",\"target\":{\"@type\":\"EntryPoint\",\"urlTemplate\":\"https:\/\/legacy.orege.com\/fr\/?s={search_term_string}\"},\"query-input\":{\"@type\":\"PropertyValueSpecification\",\"valueRequired\":true,\"valueName\":\"search_term_string\"}}],\"inLanguage\":\"fr-FR\"}]}<\/script>\n<!-- \/ Yoast SEO plugin. -->","yoast_head_json":{"title":"Les r\u00e9f\u00e9rences - Or\u00e8ge","robots":{"index":"index","follow":"follow","max-snippet":"max-snippet:-1","max-image-preview":"max-image-preview:large","max-video-preview":"max-video-preview:-1"},"canonical":"https:\/\/legacy.orege.com\/fr\/references\/","og_locale":"fr_FR","og_type":"article","og_title":"Les r\u00e9f\u00e9rences - Or\u00e8ge","og_description":"Un parc international install\u00e9 Des projets cl\u00e9s Client Application \u00c9quipement d\u2019\u00e9paississement \/d\u00e9shydratation incluant l\u2019\u00e9quipement Or\u00e8ge Ann\u00e9e d&rsquo;installation Principaux avantages du SLG et retour sur investissement Capital sale Scottish Water UK Thickening Nereda sludge SLG-F Skid 2021 70% Reduction in liquid transported sludge 70% Reduction in CO2 Plug &amp; Play package plant DfMA installed in 3 [&hellip;]","og_url":"https:\/\/legacy.orege.com\/fr\/references\/","og_site_name":"Or\u00e8ge","article_modified_time":"2024-11-21T18:01:04+00:00","og_image":[{"url":"https:\/\/www.orege.com\/content\/uploads\/2021\/05\/Installation-DeLand_-1024x576.jpg","type":"","width":"","height":""}],"twitter_card":"summary_large_image","twitter_misc":{"Dur\u00e9e de lecture estim\u00e9e":"4 minutes"},"schema":{"@context":"https:\/\/schema.org","@graph":[{"@type":"WebPage","@id":"https:\/\/legacy.orege.com\/fr\/references\/","url":"https:\/\/legacy.orege.com\/fr\/references\/","name":"Les r\u00e9f\u00e9rences - Or\u00e8ge","isPartOf":{"@id":"https:\/\/legacy.orege.com\/fr\/#website"},"primaryImageOfPage":{"@id":"https:\/\/legacy.orege.com\/fr\/references\/#primaryimage"},"image":{"@id":"https:\/\/legacy.orege.com\/fr\/references\/#primaryimage"},"thumbnailUrl":"https:\/\/www.orege.com\/content\/uploads\/2021\/05\/Installation-DeLand_-1024x576.jpg","datePublished":"2021-05-04T16:05:45+00:00","dateModified":"2024-11-21T18:01:04+00:00","breadcrumb":{"@id":"https:\/\/legacy.orege.com\/fr\/references\/#breadcrumb"},"inLanguage":"fr-FR","potentialAction":[{"@type":"ReadAction","target":["https:\/\/legacy.orege.com\/fr\/references\/"]}]},{"@type":"ImageObject","inLanguage":"fr-FR","@id":"https:\/\/legacy.orege.com\/fr\/references\/#primaryimage","url":"https:\/\/www.orege.com\/content\/uploads\/2021\/05\/Installation-DeLand_-1024x576.jpg","contentUrl":"https:\/\/www.orege.com\/content\/uploads\/2021\/05\/Installation-DeLand_-1024x576.jpg"},{"@type":"BreadcrumbList","@id":"https:\/\/legacy.orege.com\/fr\/references\/#breadcrumb","itemListElement":[{"@type":"ListItem","position":1,"name":"Home","item":"https:\/\/legacy.orege.com\/fr\/"},{"@type":"ListItem","position":2,"name":"Les r\u00e9f\u00e9rences"}]},{"@type":"WebSite","@id":"https:\/\/legacy.orege.com\/fr\/#website","url":"https:\/\/legacy.orege.com\/fr\/","name":"Or\u00e8ge","description":"","potentialAction":[{"@type":"SearchAction","target":{"@type":"EntryPoint","urlTemplate":"https:\/\/legacy.orege.com\/fr\/?s={search_term_string}"},"query-input":{"@type":"PropertyValueSpecification","valueRequired":true,"valueName":"search_term_string"}}],"inLanguage":"fr-FR"}]}},"_links":{"self":[{"href":"https:\/\/legacy.orege.com\/fr\/wp-json\/wp\/v2\/pages\/3357","targetHints":{"allow":["GET"]}}],"collection":[{"href":"https:\/\/legacy.orege.com\/fr\/wp-json\/wp\/v2\/pages"}],"about":[{"href":"https:\/\/legacy.orege.com\/fr\/wp-json\/wp\/v2\/types\/page"}],"author":[{"embeddable":true,"href":"https:\/\/legacy.orege.com\/fr\/wp-json\/wp\/v2\/users\/1"}],"replies":[{"embeddable":true,"href":"https:\/\/legacy.orege.com\/fr\/wp-json\/wp\/v2\/comments?post=3357"}],"version-history":[{"count":22,"href":"https:\/\/legacy.orege.com\/fr\/wp-json\/wp\/v2\/pages\/3357\/revisions"}],"predecessor-version":[{"id":4371,"href":"https:\/\/legacy.orege.com\/fr\/wp-json\/wp\/v2\/pages\/3357\/revisions\/4371"}],"wp:attachment":[{"href":"https:\/\/legacy.orege.com\/fr\/wp-json\/wp\/v2\/media?parent=3357"}],"curies":[{"name":"wp","href":"https:\/\/api.w.org\/{rel}","templated":true}]}}