{"id":3191,"date":"2021-02-10T16:21:39","date_gmt":"2021-02-10T16:21:39","guid":{"rendered":"https:\/\/www.orege.com\/?page_id=3191"},"modified":"2024-11-22T12:39:43","modified_gmt":"2024-11-22T12:39:43","slug":"la-solution-slg-f","status":"publish","type":"page","link":"https:\/\/legacy.orege.com\/fr\/la-solution-slg-f\/","title":{"rendered":"Le produit SLG-F"},"content":{"rendered":"<p class=\"big blue\">Le SLG-F : la combinaison du conditionnement SLG et du nouvel outil d\u2019\u00e9paississement propri\u00e9taire d\u2019Or\u00e8ge, le FLOSEP<\/p>\n<h2>Des performances d&rsquo;\u00e9paississement in\u00e9gal\u00e9es avec un retour sur investissement sans pr\u00e9c\u00e9dent.<\/h2>\n<p>Le produit SLG-F est une combinaison de la solution de conditionnement SLG et du Flosep pour la s\u00e9paration et l&rsquo;\u00e9paississement des boues.<\/p>\n<p>Le SLG g\u00e9n\u00e8re une \u00e9mulsion qui flotte naturellement, induisant une s\u00e9paration rapide des boues et de l&rsquo;eau. Un polym\u00e8re est ajout\u00e9 lors de l&rsquo;\u00e9tape de floculation pour stabiliser et faciliter la s\u00e9paration eau\/boue et une \u00e9tape de d\u00e9gazage \u00e9vacue l&rsquo;exc\u00e8s d&rsquo;air.<\/p>\n<p>Les boues flocul\u00e9es passent ensuite sur un tamis rotatif entrainant un \u00e9paississement rapide et optimis\u00e9. C\u2019est le Flosep, con\u00e7u et optimis\u00e9 pour la \u00ab boue SLG \u00bb. La boue SLG est poreuse, a\u00e9r\u00e9e. L&rsquo;eau r\u00e9cup\u00e9r\u00e9e est limpide.<\/p>\n<p>Le produit SLG-F pr\u00e9sente un encombrement r\u00e9duit par rapport aux outils conventionnels d&rsquo;\u00e9paississement.<\/p>\n<div style=\"width: 1280px;\" class=\"wp-video\"><video class=\"wp-video-shortcode\" id=\"video-3191-1\" width=\"1280\" height=\"720\" preload=\"metadata\" controls=\"controls\"><source type=\"video\/mp4\" src=\"https:\/\/www.orege.com\/content\/uploads\/2021\/05\/slg-f-mobile-unit.mp4?_=1\" \/><a href=\"https:\/\/www.orege.com\/content\/uploads\/2021\/05\/slg-f-mobile-unit.mp4\">https:\/\/www.orege.com\/content\/uploads\/2021\/05\/slg-f-mobile-unit.mp4<\/a><\/video><\/div>\n<p>&nbsp;<\/p>\n<div class=\"d-flex\">\n<div class=\"w-33\">\n<p><strong class=\"d-block bg-blue text-white p-1\">Principaux avantages<\/strong><\/p>\n<ul class=\"blue\">\n<li>R\u00e9duire le volume des boues \u00e9paissies<\/li>\n<li>R\u00e9duire les co\u00fbts de transport et d\u2019\u00e9limination<\/li>\n<li>R\u00e9duire l\u2019empreinte carbone et les \u00e9missions GES<\/li>\n<li>La boue SLG-F est pompable \u00e0 6-7%MS<\/li>\n<li>Am\u00e9liorer la qualit\u00e9 des filtrats<\/li>\n<li>Faible besoin en eau de lavage<\/li>\n<\/ul>\n<\/div>\n<div class=\"w-33\">\n<p><strong class=\"d-block bg-green text-white p-1\">B\u00e9n\u00e9fices compl\u00e9mentaires<\/strong><\/p>\n<ul class=\"green\">\n<li>Augmenter la capacit\u00e9 de traitement des \u00e9quipements existants<\/li>\n<li>R\u00e9duire les odeurs et les \u00e9missions de gaz corrosifs<\/li>\n<li>Faibles besoins op\u00e9rationnels et de maintenance<\/li>\n<li>R\u00e9duire la consommation de polym\u00e8res<\/li>\n<li>Solution d\u2019\u00e9paississement compacte<\/li>\n<li>R\u00e9duire la consommation \u00e9nerg\u00e9tique<\/li>\n<\/ul>\n<\/div>\n<div class=\"w-33\">\n<p><strong class=\"d-block bg-orange text-white p-1\">Valorisation des boues<\/strong><\/p>\n<ul class=\"orange\">\n<li>Am\u00e9liorer la valorisation agronomique des boues : \u00e9pandage, compostage<\/li>\n<li>Am\u00e9liorer les performances de la digestion ana\u00e9robie (temps de s\u00e9jour hydraulique, production de biogaz)<\/li>\n<li>Am\u00e9liorer les performances globales de la station d\u2019\u00e9puration<\/li>\n<li>Faciliter le stockage et le transport par une r\u00e9duction des volumes et une diminution des odeurs<\/li>\n<\/ul>\n<\/div>\n<\/div>\n<div class=\"bxslider-gallery\"><div><img decoding=\"async\" src=\"https:\/\/legacy.orege.com\/content\/uploads\/2021\/05\/SLGF-skid.jpg\" title=\"SLG-F skid\" alt=\"\" \/><\/div><div><img decoding=\"async\" src=\"https:\/\/legacy.orege.com\/content\/uploads\/2021\/05\/SLGF-Mobile-2.jpg\" title=\"SLG-F mobile\" alt=\"\" \/><\/div><div><img decoding=\"async\" src=\"https:\/\/legacy.orege.com\/content\/uploads\/2021\/05\/SLGF-container.jpg\" title=\"SLG-F containeris\u00e9\" alt=\"\" \/><\/div><\/div>\n<p>Pour conna\u00eetre les caract\u00e9ristiques techniques de chaque solution, se r\u00e9f\u00e9rer aux fiches\u00a0:<\/p>\n<ul>\n<li><a href=\"https:\/\/www.orege.com\/content\/uploads\/2021\/08\/slg-f-general-brochure-fr-.pdf\" target=\"_blank\" rel=\"noopener noreferrer\">Brochure SLG-F<\/a><\/li>\n<li><a href=\"https:\/\/www.orege.com\/content\/uploads\/2021\/08\/slg-f-skid-brochure-fr.pdf\" target=\"_blank\" rel=\"noopener noreferrer\">Fiche produit SLG-F skid<\/a><\/li>\n<li><a href=\"https:\/\/www.orege.com\/content\/uploads\/2021\/08\/slg-f-container-brochure-fr.pdf\" target=\"_blank\" rel=\"noopener noreferrer\">Fiche produit SLG-F containeris\u00e9<\/a><\/li>\n<li><a href=\"https:\/\/www.orege.com\/content\/uploads\/2021\/08\/slg-f-mobile-brochure-fr.pdf\" target=\"_blank\" rel=\"noopener noreferrer\">Fiche produit SLG-F mobile<\/a><\/li>\n<\/ul>\n<p>Pour aller plus loin, voir\u00a0 <a href=\"https:\/\/www.orege.com\/fr\/les-marches\/\">les march\u00e9s<\/a> &amp; <a href=\"https:\/\/www.orege.com\/fr\/les-applications\/\">les applications<\/a>.<\/p>\n","protected":false},"excerpt":{"rendered":"<p>Le SLG-F : la combinaison du conditionnement SLG et du nouvel outil d\u2019\u00e9paississement propri\u00e9taire d\u2019Or\u00e8ge, le FLOSEP Des performances d&rsquo;\u00e9paississement in\u00e9gal\u00e9es avec un retour sur investissement sans pr\u00e9c\u00e9dent. Le produit SLG-F est une combinaison de la solution de conditionnement SLG et du Flosep pour la s\u00e9paration et l&rsquo;\u00e9paississement des boues. Le SLG g\u00e9n\u00e8re une \u00e9mulsion [&hellip;]<\/p>\n","protected":false},"author":1,"featured_media":0,"parent":0,"menu_order":0,"comment_status":"closed","ping_status":"closed","template":"","meta":{"_acf_changed":false,"footnotes":""},"class_list":["post-3191","page","type-page","status-publish","hentry"],"acf":[],"yoast_head":"<!-- This site is optimized with the Yoast SEO plugin v26.8 - https:\/\/yoast.com\/product\/yoast-seo-wordpress\/ -->\n<title>Le produit SLG-F - Or\u00e8ge<\/title>\n<meta name=\"robots\" content=\"index, follow, max-snippet:-1, max-image-preview:large, max-video-preview:-1\" \/>\n<link rel=\"canonical\" href=\"https:\/\/legacy.orege.com\/fr\/la-solution-slg-f\/\" \/>\n<meta property=\"og:locale\" content=\"fr_FR\" \/>\n<meta property=\"og:type\" content=\"article\" \/>\n<meta property=\"og:title\" content=\"Le produit SLG-F - Or\u00e8ge\" \/>\n<meta property=\"og:description\" content=\"Le SLG-F : la combinaison du conditionnement SLG et du nouvel outil d\u2019\u00e9paississement propri\u00e9taire d\u2019Or\u00e8ge, le FLOSEP Des performances d&rsquo;\u00e9paississement in\u00e9gal\u00e9es avec un retour sur investissement sans pr\u00e9c\u00e9dent. Le produit SLG-F est une combinaison de la solution de conditionnement SLG et du Flosep pour la s\u00e9paration et l&rsquo;\u00e9paississement des boues. Le SLG g\u00e9n\u00e8re une \u00e9mulsion [&hellip;]\" \/>\n<meta property=\"og:url\" content=\"https:\/\/legacy.orege.com\/fr\/la-solution-slg-f\/\" \/>\n<meta property=\"og:site_name\" content=\"Or\u00e8ge\" \/>\n<meta property=\"article:modified_time\" content=\"2024-11-22T12:39:43+00:00\" \/>\n<meta property=\"og:image\" content=\"https:\/\/legacy.orege.com\/content\/uploads\/2021\/05\/SLGF-skid.jpg\" \/>\n<meta name=\"twitter:card\" content=\"summary_large_image\" \/>\n<meta name=\"twitter:label1\" content=\"Dur\u00e9e de lecture estim\u00e9e\" \/>\n\t<meta name=\"twitter:data1\" content=\"2 minutes\" \/>\n<script type=\"application\/ld+json\" class=\"yoast-schema-graph\">{\"@context\":\"https:\/\/schema.org\",\"@graph\":[{\"@type\":\"WebPage\",\"@id\":\"https:\/\/legacy.orege.com\/fr\/la-solution-slg-f\/\",\"url\":\"https:\/\/legacy.orege.com\/fr\/la-solution-slg-f\/\",\"name\":\"Le produit SLG-F - Or\u00e8ge\",\"isPartOf\":{\"@id\":\"https:\/\/legacy.orege.com\/fr\/#website\"},\"datePublished\":\"2021-02-10T16:21:39+00:00\",\"dateModified\":\"2024-11-22T12:39:43+00:00\",\"breadcrumb\":{\"@id\":\"https:\/\/legacy.orege.com\/fr\/la-solution-slg-f\/#breadcrumb\"},\"inLanguage\":\"fr-FR\",\"potentialAction\":[{\"@type\":\"ReadAction\",\"target\":[\"https:\/\/legacy.orege.com\/fr\/la-solution-slg-f\/\"]}]},{\"@type\":\"BreadcrumbList\",\"@id\":\"https:\/\/legacy.orege.com\/fr\/la-solution-slg-f\/#breadcrumb\",\"itemListElement\":[{\"@type\":\"ListItem\",\"position\":1,\"name\":\"Home\",\"item\":\"https:\/\/legacy.orege.com\/fr\/\"},{\"@type\":\"ListItem\",\"position\":2,\"name\":\"Le produit SLG-F\"}]},{\"@type\":\"WebSite\",\"@id\":\"https:\/\/legacy.orege.com\/fr\/#website\",\"url\":\"https:\/\/legacy.orege.com\/fr\/\",\"name\":\"Or\u00e8ge\",\"description\":\"\",\"potentialAction\":[{\"@type\":\"SearchAction\",\"target\":{\"@type\":\"EntryPoint\",\"urlTemplate\":\"https:\/\/legacy.orege.com\/fr\/?s={search_term_string}\"},\"query-input\":{\"@type\":\"PropertyValueSpecification\",\"valueRequired\":true,\"valueName\":\"search_term_string\"}}],\"inLanguage\":\"fr-FR\"}]}<\/script>\n<!-- \/ Yoast SEO plugin. -->","yoast_head_json":{"title":"Le produit SLG-F - Or\u00e8ge","robots":{"index":"index","follow":"follow","max-snippet":"max-snippet:-1","max-image-preview":"max-image-preview:large","max-video-preview":"max-video-preview:-1"},"canonical":"https:\/\/legacy.orege.com\/fr\/la-solution-slg-f\/","og_locale":"fr_FR","og_type":"article","og_title":"Le produit SLG-F - Or\u00e8ge","og_description":"Le SLG-F : la combinaison du conditionnement SLG et du nouvel outil d\u2019\u00e9paississement propri\u00e9taire d\u2019Or\u00e8ge, le FLOSEP Des performances d&rsquo;\u00e9paississement in\u00e9gal\u00e9es avec un retour sur investissement sans pr\u00e9c\u00e9dent. Le produit SLG-F est une combinaison de la solution de conditionnement SLG et du Flosep pour la s\u00e9paration et l&rsquo;\u00e9paississement des boues. Le SLG g\u00e9n\u00e8re une \u00e9mulsion [&hellip;]","og_url":"https:\/\/legacy.orege.com\/fr\/la-solution-slg-f\/","og_site_name":"Or\u00e8ge","article_modified_time":"2024-11-22T12:39:43+00:00","og_image":[{"url":"https:\/\/legacy.orege.com\/content\/uploads\/2021\/05\/SLGF-skid.jpg","type":"","width":"","height":""}],"twitter_card":"summary_large_image","twitter_misc":{"Dur\u00e9e de lecture estim\u00e9e":"2 minutes"},"schema":{"@context":"https:\/\/schema.org","@graph":[{"@type":"WebPage","@id":"https:\/\/legacy.orege.com\/fr\/la-solution-slg-f\/","url":"https:\/\/legacy.orege.com\/fr\/la-solution-slg-f\/","name":"Le produit SLG-F - Or\u00e8ge","isPartOf":{"@id":"https:\/\/legacy.orege.com\/fr\/#website"},"datePublished":"2021-02-10T16:21:39+00:00","dateModified":"2024-11-22T12:39:43+00:00","breadcrumb":{"@id":"https:\/\/legacy.orege.com\/fr\/la-solution-slg-f\/#breadcrumb"},"inLanguage":"fr-FR","potentialAction":[{"@type":"ReadAction","target":["https:\/\/legacy.orege.com\/fr\/la-solution-slg-f\/"]}]},{"@type":"BreadcrumbList","@id":"https:\/\/legacy.orege.com\/fr\/la-solution-slg-f\/#breadcrumb","itemListElement":[{"@type":"ListItem","position":1,"name":"Home","item":"https:\/\/legacy.orege.com\/fr\/"},{"@type":"ListItem","position":2,"name":"Le produit SLG-F"}]},{"@type":"WebSite","@id":"https:\/\/legacy.orege.com\/fr\/#website","url":"https:\/\/legacy.orege.com\/fr\/","name":"Or\u00e8ge","description":"","potentialAction":[{"@type":"SearchAction","target":{"@type":"EntryPoint","urlTemplate":"https:\/\/legacy.orege.com\/fr\/?s={search_term_string}"},"query-input":{"@type":"PropertyValueSpecification","valueRequired":true,"valueName":"search_term_string"}}],"inLanguage":"fr-FR"}]}},"_links":{"self":[{"href":"https:\/\/legacy.orege.com\/fr\/wp-json\/wp\/v2\/pages\/3191","targetHints":{"allow":["GET"]}}],"collection":[{"href":"https:\/\/legacy.orege.com\/fr\/wp-json\/wp\/v2\/pages"}],"about":[{"href":"https:\/\/legacy.orege.com\/fr\/wp-json\/wp\/v2\/types\/page"}],"author":[{"embeddable":true,"href":"https:\/\/legacy.orege.com\/fr\/wp-json\/wp\/v2\/users\/1"}],"replies":[{"embeddable":true,"href":"https:\/\/legacy.orege.com\/fr\/wp-json\/wp\/v2\/comments?post=3191"}],"version-history":[{"count":29,"href":"https:\/\/legacy.orege.com\/fr\/wp-json\/wp\/v2\/pages\/3191\/revisions"}],"predecessor-version":[{"id":4452,"href":"https:\/\/legacy.orege.com\/fr\/wp-json\/wp\/v2\/pages\/3191\/revisions\/4452"}],"wp:attachment":[{"href":"https:\/\/legacy.orege.com\/fr\/wp-json\/wp\/v2\/media?parent=3191"}],"curies":[{"name":"wp","href":"https:\/\/api.w.org\/{rel}","templated":true}]}}