{"id":3142,"date":"2021-02-10T14:55:22","date_gmt":"2021-02-10T14:55:22","guid":{"rendered":"https:\/\/www.orege.com\/?page_id=3142"},"modified":"2024-11-22T08:27:45","modified_gmt":"2024-11-22T08:27:45","slug":"partenariats","status":"publish","type":"page","link":"https:\/\/legacy.orege.com\/fr\/partenariats\/","title":{"rendered":"Les partenariats"},"content":{"rendered":"<p class=\"big blue\">Or\u00e8ge a nou\u00e9 des partenariats strat\u00e9giques pour renforcer son d\u00e9veloppement international<\/p>\n<p class=\"blue\">Ces partenariats t\u00e9moignent de la reconnaissance d\u2019Or\u00e8ge par ses pairs dans le secteur du traitement de l\u2019eau.<\/p>\n<h2>Alfa Laval<\/h2>\n<p>Or\u00e8ge a sign\u00e9 un partenariat commercial avec le groupe scandinave Alfa Laval, leader mondial, sp\u00e9cialis\u00e9 dans le d\u00e9veloppement et la commercialisation de produits et solutions de s\u00e9paration, de transfert de fluides et d\u2019\u00e9change thermique dans les domaines de l\u2019\u00e9nergie, de l\u2019environnement, de l\u2019agro-alimentaire et de l\u2019eau.<\/p>\n<p>Ce partenariat permettra \u00e0 Alfa Laval et Or\u00e8ge d\u2019adresser les besoins d\u2019acteurs municipaux comme industriels en qu\u00eate continue de solutions innovantes offrant une r\u00e9duction des co\u00fbts d\u2019exploitation des stations d\u2019\u00e9puration, et r\u00e9pondant aux exigences accrues de d\u00e9veloppement durable et de valorisation des eaux et des boues trait\u00e9es.<\/p>\n<p><a href=\"https:\/\/www.alfalaval.com\" target=\"_blank\" rel=\"noopener noreferrer\">www.alfalaval.com<\/a><\/p>\n<p><img fetchpriority=\"high\" decoding=\"async\" class=\"alignnone size-medium wp-image-3065\" src=\"https:\/\/www.orege.com\/content\/uploads\/2021\/02\/logo-alfa-laval-300x169.png\" alt=\"\" width=\"300\" height=\"169\" \/><\/p>\n<p><a href=\"https:\/\/www.orege.com\/content\/uploads\/2020\/06\/CP-Alfa-Laval-Group-2020-06-15.pdf\" target=\"_blank\" rel=\"noopener\">Lire le communiqu\u00e9<\/a><\/p>\n<p>&nbsp;<\/p>\n","protected":false},"excerpt":{"rendered":"<p>Or\u00e8ge a nou\u00e9 des partenariats strat\u00e9giques pour renforcer son d\u00e9veloppement international Ces partenariats t\u00e9moignent de la reconnaissance d\u2019Or\u00e8ge par ses pairs dans le secteur du traitement de l\u2019eau. Alfa Laval Or\u00e8ge a sign\u00e9 un partenariat commercial avec le groupe scandinave Alfa Laval, leader mondial, sp\u00e9cialis\u00e9 dans le d\u00e9veloppement et la commercialisation de produits et solutions [&hellip;]<\/p>\n","protected":false},"author":1,"featured_media":0,"parent":0,"menu_order":0,"comment_status":"closed","ping_status":"closed","template":"","meta":{"_acf_changed":false,"footnotes":""},"class_list":["post-3142","page","type-page","status-publish","hentry"],"acf":[],"yoast_head":"<!-- This site is optimized with the Yoast SEO plugin v26.8 - https:\/\/yoast.com\/product\/yoast-seo-wordpress\/ -->\n<title>Les partenariats - Or\u00e8ge<\/title>\n<meta name=\"robots\" content=\"index, follow, max-snippet:-1, max-image-preview:large, max-video-preview:-1\" \/>\n<link rel=\"canonical\" href=\"https:\/\/legacy.orege.com\/fr\/partenariats\/\" \/>\n<meta property=\"og:locale\" content=\"fr_FR\" \/>\n<meta property=\"og:type\" content=\"article\" \/>\n<meta property=\"og:title\" content=\"Les partenariats - Or\u00e8ge\" \/>\n<meta property=\"og:description\" content=\"Or\u00e8ge a nou\u00e9 des partenariats strat\u00e9giques pour renforcer son d\u00e9veloppement international Ces partenariats t\u00e9moignent de la reconnaissance d\u2019Or\u00e8ge par ses pairs dans le secteur du traitement de l\u2019eau. Alfa Laval Or\u00e8ge a sign\u00e9 un partenariat commercial avec le groupe scandinave Alfa Laval, leader mondial, sp\u00e9cialis\u00e9 dans le d\u00e9veloppement et la commercialisation de produits et solutions [&hellip;]\" \/>\n<meta property=\"og:url\" content=\"https:\/\/legacy.orege.com\/fr\/partenariats\/\" \/>\n<meta property=\"og:site_name\" content=\"Or\u00e8ge\" \/>\n<meta property=\"article:modified_time\" content=\"2024-11-22T08:27:45+00:00\" \/>\n<meta property=\"og:image\" content=\"https:\/\/www.orege.com\/content\/uploads\/2021\/02\/logo-alfa-laval-300x169.png\" \/>\n<meta name=\"twitter:card\" content=\"summary_large_image\" \/>\n<meta name=\"twitter:label1\" content=\"Dur\u00e9e de lecture estim\u00e9e\" \/>\n\t<meta name=\"twitter:data1\" content=\"1 minute\" \/>\n<script type=\"application\/ld+json\" class=\"yoast-schema-graph\">{\"@context\":\"https:\/\/schema.org\",\"@graph\":[{\"@type\":\"WebPage\",\"@id\":\"https:\/\/legacy.orege.com\/fr\/partenariats\/\",\"url\":\"https:\/\/legacy.orege.com\/fr\/partenariats\/\",\"name\":\"Les partenariats - Or\u00e8ge\",\"isPartOf\":{\"@id\":\"https:\/\/legacy.orege.com\/fr\/#website\"},\"primaryImageOfPage\":{\"@id\":\"https:\/\/legacy.orege.com\/fr\/partenariats\/#primaryimage\"},\"image\":{\"@id\":\"https:\/\/legacy.orege.com\/fr\/partenariats\/#primaryimage\"},\"thumbnailUrl\":\"https:\/\/www.orege.com\/content\/uploads\/2021\/02\/logo-alfa-laval-300x169.png\",\"datePublished\":\"2021-02-10T14:55:22+00:00\",\"dateModified\":\"2024-11-22T08:27:45+00:00\",\"breadcrumb\":{\"@id\":\"https:\/\/legacy.orege.com\/fr\/partenariats\/#breadcrumb\"},\"inLanguage\":\"fr-FR\",\"potentialAction\":[{\"@type\":\"ReadAction\",\"target\":[\"https:\/\/legacy.orege.com\/fr\/partenariats\/\"]}]},{\"@type\":\"ImageObject\",\"inLanguage\":\"fr-FR\",\"@id\":\"https:\/\/legacy.orege.com\/fr\/partenariats\/#primaryimage\",\"url\":\"https:\/\/www.orege.com\/content\/uploads\/2021\/02\/logo-alfa-laval-300x169.png\",\"contentUrl\":\"https:\/\/www.orege.com\/content\/uploads\/2021\/02\/logo-alfa-laval-300x169.png\"},{\"@type\":\"BreadcrumbList\",\"@id\":\"https:\/\/legacy.orege.com\/fr\/partenariats\/#breadcrumb\",\"itemListElement\":[{\"@type\":\"ListItem\",\"position\":1,\"name\":\"Home\",\"item\":\"https:\/\/legacy.orege.com\/fr\/\"},{\"@type\":\"ListItem\",\"position\":2,\"name\":\"Les partenariats\"}]},{\"@type\":\"WebSite\",\"@id\":\"https:\/\/legacy.orege.com\/fr\/#website\",\"url\":\"https:\/\/legacy.orege.com\/fr\/\",\"name\":\"Or\u00e8ge\",\"description\":\"\",\"potentialAction\":[{\"@type\":\"SearchAction\",\"target\":{\"@type\":\"EntryPoint\",\"urlTemplate\":\"https:\/\/legacy.orege.com\/fr\/?s={search_term_string}\"},\"query-input\":{\"@type\":\"PropertyValueSpecification\",\"valueRequired\":true,\"valueName\":\"search_term_string\"}}],\"inLanguage\":\"fr-FR\"}]}<\/script>\n<!-- \/ Yoast SEO plugin. -->","yoast_head_json":{"title":"Les partenariats - Or\u00e8ge","robots":{"index":"index","follow":"follow","max-snippet":"max-snippet:-1","max-image-preview":"max-image-preview:large","max-video-preview":"max-video-preview:-1"},"canonical":"https:\/\/legacy.orege.com\/fr\/partenariats\/","og_locale":"fr_FR","og_type":"article","og_title":"Les partenariats - Or\u00e8ge","og_description":"Or\u00e8ge a nou\u00e9 des partenariats strat\u00e9giques pour renforcer son d\u00e9veloppement international Ces partenariats t\u00e9moignent de la reconnaissance d\u2019Or\u00e8ge par ses pairs dans le secteur du traitement de l\u2019eau. Alfa Laval Or\u00e8ge a sign\u00e9 un partenariat commercial avec le groupe scandinave Alfa Laval, leader mondial, sp\u00e9cialis\u00e9 dans le d\u00e9veloppement et la commercialisation de produits et solutions [&hellip;]","og_url":"https:\/\/legacy.orege.com\/fr\/partenariats\/","og_site_name":"Or\u00e8ge","article_modified_time":"2024-11-22T08:27:45+00:00","og_image":[{"url":"https:\/\/www.orege.com\/content\/uploads\/2021\/02\/logo-alfa-laval-300x169.png","type":"","width":"","height":""}],"twitter_card":"summary_large_image","twitter_misc":{"Dur\u00e9e de lecture estim\u00e9e":"1 minute"},"schema":{"@context":"https:\/\/schema.org","@graph":[{"@type":"WebPage","@id":"https:\/\/legacy.orege.com\/fr\/partenariats\/","url":"https:\/\/legacy.orege.com\/fr\/partenariats\/","name":"Les partenariats - Or\u00e8ge","isPartOf":{"@id":"https:\/\/legacy.orege.com\/fr\/#website"},"primaryImageOfPage":{"@id":"https:\/\/legacy.orege.com\/fr\/partenariats\/#primaryimage"},"image":{"@id":"https:\/\/legacy.orege.com\/fr\/partenariats\/#primaryimage"},"thumbnailUrl":"https:\/\/www.orege.com\/content\/uploads\/2021\/02\/logo-alfa-laval-300x169.png","datePublished":"2021-02-10T14:55:22+00:00","dateModified":"2024-11-22T08:27:45+00:00","breadcrumb":{"@id":"https:\/\/legacy.orege.com\/fr\/partenariats\/#breadcrumb"},"inLanguage":"fr-FR","potentialAction":[{"@type":"ReadAction","target":["https:\/\/legacy.orege.com\/fr\/partenariats\/"]}]},{"@type":"ImageObject","inLanguage":"fr-FR","@id":"https:\/\/legacy.orege.com\/fr\/partenariats\/#primaryimage","url":"https:\/\/www.orege.com\/content\/uploads\/2021\/02\/logo-alfa-laval-300x169.png","contentUrl":"https:\/\/www.orege.com\/content\/uploads\/2021\/02\/logo-alfa-laval-300x169.png"},{"@type":"BreadcrumbList","@id":"https:\/\/legacy.orege.com\/fr\/partenariats\/#breadcrumb","itemListElement":[{"@type":"ListItem","position":1,"name":"Home","item":"https:\/\/legacy.orege.com\/fr\/"},{"@type":"ListItem","position":2,"name":"Les partenariats"}]},{"@type":"WebSite","@id":"https:\/\/legacy.orege.com\/fr\/#website","url":"https:\/\/legacy.orege.com\/fr\/","name":"Or\u00e8ge","description":"","potentialAction":[{"@type":"SearchAction","target":{"@type":"EntryPoint","urlTemplate":"https:\/\/legacy.orege.com\/fr\/?s={search_term_string}"},"query-input":{"@type":"PropertyValueSpecification","valueRequired":true,"valueName":"search_term_string"}}],"inLanguage":"fr-FR"}]}},"_links":{"self":[{"href":"https:\/\/legacy.orege.com\/fr\/wp-json\/wp\/v2\/pages\/3142","targetHints":{"allow":["GET"]}}],"collection":[{"href":"https:\/\/legacy.orege.com\/fr\/wp-json\/wp\/v2\/pages"}],"about":[{"href":"https:\/\/legacy.orege.com\/fr\/wp-json\/wp\/v2\/types\/page"}],"author":[{"embeddable":true,"href":"https:\/\/legacy.orege.com\/fr\/wp-json\/wp\/v2\/users\/1"}],"replies":[{"embeddable":true,"href":"https:\/\/legacy.orege.com\/fr\/wp-json\/wp\/v2\/comments?post=3142"}],"version-history":[{"count":11,"href":"https:\/\/legacy.orege.com\/fr\/wp-json\/wp\/v2\/pages\/3142\/revisions"}],"predecessor-version":[{"id":4381,"href":"https:\/\/legacy.orege.com\/fr\/wp-json\/wp\/v2\/pages\/3142\/revisions\/4381"}],"wp:attachment":[{"href":"https:\/\/legacy.orege.com\/fr\/wp-json\/wp\/v2\/media?parent=3142"}],"curies":[{"name":"wp","href":"https:\/\/api.w.org\/{rel}","templated":true}]}}