{"id":14,"date":"2016-05-27T15:27:29","date_gmt":"2016-05-27T15:27:29","guid":{"rendered":"https:\/\/www.orege.com\/?page_id=14"},"modified":"2021-07-06T17:13:00","modified_gmt":"2021-07-06T17:13:00","slug":"investors","status":"publish","type":"page","link":"https:\/\/legacy.orege.com\/en\/investors\/","title":{"rendered":"Investors"},"content":{"rendered":"<h2>Orege on the stock market<\/h2>\n<p>Orege is listed on the Euronext market FR0010609206OREGE since 5 July 2013<\/p>\n<p>The Orege share is followed in France by Gilbert Dupont (Cr\u00e9dit du Nord Group \/ Soci\u00e9t\u00e9 G\u00e9n\u00e9rale).<\/p>\n<p>Based on its consolidated accounts as of December 31, 2020, Orege meets all the PEA-PME eligibility criteria established by Decree No. 2014-283 of March 4, 2014.<\/p>\n<h2 style=\"margin-bottom: 0.5rem;\">Breakdown of Orege Capital as of 15\/2\/2021<\/h2>\n<p>EREN Industries, major shareholder of Orege<\/p>\n<p><img fetchpriority=\"high\" decoding=\"async\" class=\"img-responsive aligncenter wp-image-3719 size-large\" src=\"http:\/\/www.orege.com\/content\/uploads\/2021\/07\/investisseur-en-1024x631.jpg\" alt=\"\" width=\"1024\" height=\"631\" \/><\/p>\n<p><img decoding=\"async\" class=\"alignnone size-full wp-image-1994\" src=\"https:\/\/www.orege.com\/content\/uploads\/2019\/04\/logo-eren.png\" alt=\"\" width=\"167\" height=\"43\" \/><\/p>\n<p>EREN Groupe, led by P\u00e2ris Mouratoglou and David Corchia, is dedicated to natural resources efficiency. Its subsidiary EREN Industries coordinates the Group\u2019s industrial activities, whilst Total-Eren develops and invests in renewable energy projects mainly internationally.<\/p>\n<p>For more informations: <a href=\"http:\/\/www.eren-groupe.com\" target=\"_blank\" rel=\"noopener noreferrer\">www.eren-groupe.com<\/a><\/p>\n","protected":false},"excerpt":{"rendered":"<p>Orege on the stock market Orege is listed on the Euronext market FR0010609206OREGE since 5 July 2013 The Orege share is followed in France by Gilbert Dupont (Cr\u00e9dit du Nord Group \/ Soci\u00e9t\u00e9 G\u00e9n\u00e9rale). Based on its consolidated accounts as of December 31, 2020, Orege meets all the PEA-PME eligibility criteria established by Decree No. [&hellip;]<\/p>\n","protected":false},"author":1,"featured_media":0,"parent":0,"menu_order":0,"comment_status":"closed","ping_status":"closed","template":"","meta":{"_acf_changed":false,"footnotes":""},"class_list":["post-14","page","type-page","status-publish","hentry"],"acf":[],"yoast_head":"<!-- This site is optimized with the Yoast SEO plugin v26.8 - https:\/\/yoast.com\/product\/yoast-seo-wordpress\/ -->\n<title>Investors - Or\u00e8ge<\/title>\n<meta name=\"robots\" content=\"index, follow, max-snippet:-1, max-image-preview:large, max-video-preview:-1\" \/>\n<link rel=\"canonical\" href=\"https:\/\/legacy.orege.com\/en\/investors\/\" \/>\n<meta property=\"og:locale\" content=\"en_US\" \/>\n<meta property=\"og:type\" content=\"article\" \/>\n<meta property=\"og:title\" content=\"Investors - Or\u00e8ge\" \/>\n<meta property=\"og:description\" content=\"Orege on the stock market Orege is listed on the Euronext market FR0010609206OREGE since 5 July 2013 The Orege share is followed in France by Gilbert Dupont (Cr\u00e9dit du Nord Group \/ Soci\u00e9t\u00e9 G\u00e9n\u00e9rale). Based on its consolidated accounts as of December 31, 2020, Orege meets all the PEA-PME eligibility criteria established by Decree No. [&hellip;]\" \/>\n<meta property=\"og:url\" content=\"https:\/\/legacy.orege.com\/en\/investors\/\" \/>\n<meta property=\"og:site_name\" content=\"Or\u00e8ge\" \/>\n<meta property=\"article:modified_time\" content=\"2021-07-06T17:13:00+00:00\" \/>\n<meta property=\"og:image\" content=\"http:\/\/www.orege.com\/content\/uploads\/2021\/07\/investisseur-en-1024x631.jpg\" \/>\n<meta name=\"twitter:card\" content=\"summary_large_image\" \/>\n<meta name=\"twitter:label1\" content=\"Est. reading time\" \/>\n\t<meta name=\"twitter:data1\" content=\"1 minute\" \/>\n<script type=\"application\/ld+json\" class=\"yoast-schema-graph\">{\"@context\":\"https:\/\/schema.org\",\"@graph\":[{\"@type\":\"WebPage\",\"@id\":\"https:\/\/legacy.orege.com\/en\/investors\/\",\"url\":\"https:\/\/legacy.orege.com\/en\/investors\/\",\"name\":\"Investors - Or\u00e8ge\",\"isPartOf\":{\"@id\":\"https:\/\/legacy.orege.com\/en\/#website\"},\"primaryImageOfPage\":{\"@id\":\"https:\/\/legacy.orege.com\/en\/investors\/#primaryimage\"},\"image\":{\"@id\":\"https:\/\/legacy.orege.com\/en\/investors\/#primaryimage\"},\"thumbnailUrl\":\"http:\/\/www.orege.com\/content\/uploads\/2021\/07\/investisseur-en-1024x631.jpg\",\"datePublished\":\"2016-05-27T15:27:29+00:00\",\"dateModified\":\"2021-07-06T17:13:00+00:00\",\"breadcrumb\":{\"@id\":\"https:\/\/legacy.orege.com\/en\/investors\/#breadcrumb\"},\"inLanguage\":\"en-US\",\"potentialAction\":[{\"@type\":\"ReadAction\",\"target\":[\"https:\/\/legacy.orege.com\/en\/investors\/\"]}]},{\"@type\":\"ImageObject\",\"inLanguage\":\"en-US\",\"@id\":\"https:\/\/legacy.orege.com\/en\/investors\/#primaryimage\",\"url\":\"http:\/\/www.orege.com\/content\/uploads\/2021\/07\/investisseur-en-1024x631.jpg\",\"contentUrl\":\"http:\/\/www.orege.com\/content\/uploads\/2021\/07\/investisseur-en-1024x631.jpg\"},{\"@type\":\"BreadcrumbList\",\"@id\":\"https:\/\/legacy.orege.com\/en\/investors\/#breadcrumb\",\"itemListElement\":[{\"@type\":\"ListItem\",\"position\":1,\"name\":\"Home\",\"item\":\"https:\/\/legacy.orege.com\/en\/\"},{\"@type\":\"ListItem\",\"position\":2,\"name\":\"Investors\"}]},{\"@type\":\"WebSite\",\"@id\":\"https:\/\/legacy.orege.com\/en\/#website\",\"url\":\"https:\/\/legacy.orege.com\/en\/\",\"name\":\"Or\u00e8ge\",\"description\":\"\",\"potentialAction\":[{\"@type\":\"SearchAction\",\"target\":{\"@type\":\"EntryPoint\",\"urlTemplate\":\"https:\/\/legacy.orege.com\/en\/?s={search_term_string}\"},\"query-input\":{\"@type\":\"PropertyValueSpecification\",\"valueRequired\":true,\"valueName\":\"search_term_string\"}}],\"inLanguage\":\"en-US\"}]}<\/script>\n<!-- \/ Yoast SEO plugin. -->","yoast_head_json":{"title":"Investors - Or\u00e8ge","robots":{"index":"index","follow":"follow","max-snippet":"max-snippet:-1","max-image-preview":"max-image-preview:large","max-video-preview":"max-video-preview:-1"},"canonical":"https:\/\/legacy.orege.com\/en\/investors\/","og_locale":"en_US","og_type":"article","og_title":"Investors - Or\u00e8ge","og_description":"Orege on the stock market Orege is listed on the Euronext market FR0010609206OREGE since 5 July 2013 The Orege share is followed in France by Gilbert Dupont (Cr\u00e9dit du Nord Group \/ Soci\u00e9t\u00e9 G\u00e9n\u00e9rale). Based on its consolidated accounts as of December 31, 2020, Orege meets all the PEA-PME eligibility criteria established by Decree No. [&hellip;]","og_url":"https:\/\/legacy.orege.com\/en\/investors\/","og_site_name":"Or\u00e8ge","article_modified_time":"2021-07-06T17:13:00+00:00","og_image":[{"url":"http:\/\/www.orege.com\/content\/uploads\/2021\/07\/investisseur-en-1024x631.jpg","type":"","width":"","height":""}],"twitter_card":"summary_large_image","twitter_misc":{"Est. reading time":"1 minute"},"schema":{"@context":"https:\/\/schema.org","@graph":[{"@type":"WebPage","@id":"https:\/\/legacy.orege.com\/en\/investors\/","url":"https:\/\/legacy.orege.com\/en\/investors\/","name":"Investors - Or\u00e8ge","isPartOf":{"@id":"https:\/\/legacy.orege.com\/en\/#website"},"primaryImageOfPage":{"@id":"https:\/\/legacy.orege.com\/en\/investors\/#primaryimage"},"image":{"@id":"https:\/\/legacy.orege.com\/en\/investors\/#primaryimage"},"thumbnailUrl":"http:\/\/www.orege.com\/content\/uploads\/2021\/07\/investisseur-en-1024x631.jpg","datePublished":"2016-05-27T15:27:29+00:00","dateModified":"2021-07-06T17:13:00+00:00","breadcrumb":{"@id":"https:\/\/legacy.orege.com\/en\/investors\/#breadcrumb"},"inLanguage":"en-US","potentialAction":[{"@type":"ReadAction","target":["https:\/\/legacy.orege.com\/en\/investors\/"]}]},{"@type":"ImageObject","inLanguage":"en-US","@id":"https:\/\/legacy.orege.com\/en\/investors\/#primaryimage","url":"http:\/\/www.orege.com\/content\/uploads\/2021\/07\/investisseur-en-1024x631.jpg","contentUrl":"http:\/\/www.orege.com\/content\/uploads\/2021\/07\/investisseur-en-1024x631.jpg"},{"@type":"BreadcrumbList","@id":"https:\/\/legacy.orege.com\/en\/investors\/#breadcrumb","itemListElement":[{"@type":"ListItem","position":1,"name":"Home","item":"https:\/\/legacy.orege.com\/en\/"},{"@type":"ListItem","position":2,"name":"Investors"}]},{"@type":"WebSite","@id":"https:\/\/legacy.orege.com\/en\/#website","url":"https:\/\/legacy.orege.com\/en\/","name":"Or\u00e8ge","description":"","potentialAction":[{"@type":"SearchAction","target":{"@type":"EntryPoint","urlTemplate":"https:\/\/legacy.orege.com\/en\/?s={search_term_string}"},"query-input":{"@type":"PropertyValueSpecification","valueRequired":true,"valueName":"search_term_string"}}],"inLanguage":"en-US"}]}},"_links":{"self":[{"href":"https:\/\/legacy.orege.com\/en\/wp-json\/wp\/v2\/pages\/14","targetHints":{"allow":["GET"]}}],"collection":[{"href":"https:\/\/legacy.orege.com\/en\/wp-json\/wp\/v2\/pages"}],"about":[{"href":"https:\/\/legacy.orege.com\/en\/wp-json\/wp\/v2\/types\/page"}],"author":[{"embeddable":true,"href":"https:\/\/legacy.orege.com\/en\/wp-json\/wp\/v2\/users\/1"}],"replies":[{"embeddable":true,"href":"https:\/\/legacy.orege.com\/en\/wp-json\/wp\/v2\/comments?post=14"}],"version-history":[{"count":35,"href":"https:\/\/legacy.orege.com\/en\/wp-json\/wp\/v2\/pages\/14\/revisions"}],"predecessor-version":[{"id":3723,"href":"https:\/\/legacy.orege.com\/en\/wp-json\/wp\/v2\/pages\/14\/revisions\/3723"}],"wp:attachment":[{"href":"https:\/\/legacy.orege.com\/en\/wp-json\/wp\/v2\/media?parent=14"}],"curies":[{"name":"wp","href":"https:\/\/api.w.org\/{rel}","templated":true}]}}